{"id":2050,"date":"2021-09-27T12:09:16","date_gmt":"2021-09-27T12:09:16","guid":{"rendered":"https:\/\/dgtl.fi\/ornas\/?post_type=product&#038;p=2050"},"modified":"2024-03-27T10:54:44","modified_gmt":"2024-03-27T10:54:44","slug":"valipala","status":"publish","type":"product","link":"https:\/\/ornas.fi\/en\/product\/valipala\/","title":{"rendered":"V\u00e4lipala"},"content":{"rendered":"<p>V\u00e4lipala shelf unit designed in the late 1950s insightfully showcases Hiort af Orn\u00e4s\u2019 aim for highly individual design. The name means \u201csnack\u201d in Finnish, referring to the middle blocks that can be freely arranged between the shelves to create unique combinations. Also the number of shelves and height and width of the unit can be adjusted to one\u2019s heart\u2019s content.<\/p>\n<p>Re-issued in autumn 2020, the light and airy, ingenuous design stems from sophisticated, carefully thought-out solutions. The middle blocks taper towards the front, which creates a lovely interplay of light and shadow. The discreet details form an elegant backdrop that accentuates displayed books and treasured objects.<\/p>\n<p>The handcrafted shelves are available in several widths, making the shelf unit adaptable for larger and smaller rooms alike. You can easily reassemble and extend the shelf unit and rearrange the divisions.<br \/>\nThe shelf unit suits different areas of the home from the living room to the children\u2019s room. It is also a stylish and practical solution for offices.<\/p>\n<p>Hiort af Orn\u00e4s designed V\u00e4lipala as a storage solution for modern homes. It turned out to be much more: the unique design and elegant finishes have sealed its status as a timeless classic.<\/p>\n<p>&nbsp;<\/p>\n<p><a href=\"https:\/\/www.dropbox.com\/sh\/b90kdkkbe0h37k4\/AABxqgVr_-eK89-c5rX7nmMda?dl=0\" target=\"_blank\" rel=\"noopener\"><em>V\u00e4lipala 3D photos\u00a0<\/em><\/a><\/p>\n<p>&nbsp;<\/p>\n","protected":false},"excerpt":{"rendered":"Orn\u00e4s Heritage Collection\r\nDesign Carl-Gustaf Hiort af Orn\u00e4s\r\n1950-luku","protected":false},"featured_media":198,"template":"","meta":{"_acf_changed":false,"inline_featured_image":false},"tuoteryhma":[],"product_cat":[48],"product_tag":[],"class_list":{"0":"post-2050","1":"product","2":"type-product","3":"status-publish","4":"has-post-thumbnail","6":"product_cat-shelves-and-cabinets","8":"first","9":"outofstock","10":"taxable","11":"shipping-taxable","12":"product-type-simple"},"acf":[],"yoast_head":"<!-- This site is optimized with the Yoast SEO plugin v25.6 - https:\/\/yoast.com\/wordpress\/plugins\/seo\/ -->\n<title>V\u00e4lipala - Orn\u00e4s Design and Craftsmanship<\/title>\n<meta name=\"robots\" content=\"index, follow, max-snippet:-1, max-image-preview:large, max-video-preview:-1\" \/>\n<link rel=\"canonical\" href=\"https:\/\/ornas.fi\/en\/product\/valipala\/\" \/>\n<meta property=\"og:locale\" content=\"en_US\" \/>\n<meta property=\"og:type\" content=\"article\" \/>\n<meta property=\"og:title\" content=\"V\u00e4lipala - Orn\u00e4s Design and Craftsmanship\" \/>\n<meta property=\"og:description\" content=\"Orn\u00e4s Heritage Collection Design Carl-Gustaf Hiort af Orn\u00e4s 1950-luku\" \/>\n<meta property=\"og:url\" content=\"https:\/\/ornas.fi\/en\/product\/valipala\/\" \/>\n<meta property=\"og:site_name\" content=\"Orn\u00e4s Design and Craftsmanship\" \/>\n<meta property=\"article:modified_time\" content=\"2024-03-27T10:54:44+00:00\" \/>\n<meta property=\"og:image\" content=\"https:\/\/ornas.fi\/wp-content\/uploads\/2021\/01\/Ornas_Valipala_002.jpg\" \/>\n\t<meta property=\"og:image:width\" content=\"1024\" \/>\n\t<meta property=\"og:image:height\" content=\"1440\" \/>\n\t<meta property=\"og:image:type\" content=\"image\/jpeg\" \/>\n<meta name=\"twitter:card\" content=\"summary_large_image\" \/>\n<meta name=\"twitter:label1\" content=\"Est. reading time\" \/>\n\t<meta name=\"twitter:data1\" content=\"2 minutes\" \/>\n<script type=\"application\/ld+json\" class=\"yoast-schema-graph\">{\"@context\":\"https:\/\/schema.org\",\"@graph\":[{\"@type\":\"WebPage\",\"@id\":\"https:\/\/ornas.fi\/en\/product\/valipala\/\",\"url\":\"https:\/\/ornas.fi\/en\/product\/valipala\/\",\"name\":\"V\u00e4lipala - Orn\u00e4s Design and Craftsmanship\",\"isPartOf\":{\"@id\":\"https:\/\/ornas.fi\/en\/#website\"},\"primaryImageOfPage\":{\"@id\":\"https:\/\/ornas.fi\/en\/product\/valipala\/#primaryimage\"},\"image\":{\"@id\":\"https:\/\/ornas.fi\/en\/product\/valipala\/#primaryimage\"},\"thumbnailUrl\":\"https:\/\/ornas.fi\/wp-content\/uploads\/2021\/01\/Ornas_Valipala_002.jpg\",\"datePublished\":\"2021-09-27T12:09:16+00:00\",\"dateModified\":\"2024-03-27T10:54:44+00:00\",\"breadcrumb\":{\"@id\":\"https:\/\/ornas.fi\/en\/product\/valipala\/#breadcrumb\"},\"inLanguage\":\"en-US\",\"potentialAction\":[{\"@type\":\"ReadAction\",\"target\":[\"https:\/\/ornas.fi\/en\/product\/valipala\/\"]}]},{\"@type\":\"ImageObject\",\"inLanguage\":\"en-US\",\"@id\":\"https:\/\/ornas.fi\/en\/product\/valipala\/#primaryimage\",\"url\":\"https:\/\/ornas.fi\/wp-content\/uploads\/2021\/01\/Ornas_Valipala_002.jpg\",\"contentUrl\":\"https:\/\/ornas.fi\/wp-content\/uploads\/2021\/01\/Ornas_Valipala_002.jpg\",\"width\":1024,\"height\":1440},{\"@type\":\"BreadcrumbList\",\"@id\":\"https:\/\/ornas.fi\/en\/product\/valipala\/#breadcrumb\",\"itemListElement\":[{\"@type\":\"ListItem\",\"position\":1,\"name\":\"Front Page\",\"item\":\"https:\/\/ornas.fi\/en\/\"},{\"@type\":\"ListItem\",\"position\":2,\"name\":\"Shop\",\"item\":\"https:\/\/ornas.fi\/en\/shop\/\"},{\"@type\":\"ListItem\",\"position\":3,\"name\":\"V\u00e4lipala\"}]},{\"@type\":\"WebSite\",\"@id\":\"https:\/\/ornas.fi\/en\/#website\",\"url\":\"https:\/\/ornas.fi\/en\/\",\"name\":\"Orn\u00e4s Design and Craftsmanship\",\"description\":\"Est. 1945\",\"potentialAction\":[{\"@type\":\"SearchAction\",\"target\":{\"@type\":\"EntryPoint\",\"urlTemplate\":\"https:\/\/ornas.fi\/en\/?s={search_term_string}\"},\"query-input\":{\"@type\":\"PropertyValueSpecification\",\"valueRequired\":true,\"valueName\":\"search_term_string\"}}],\"inLanguage\":\"en-US\"}]}<\/script>\n<!-- \/ Yoast SEO plugin. -->","yoast_head_json":{"title":"V\u00e4lipala - Orn\u00e4s Design and Craftsmanship","robots":{"index":"index","follow":"follow","max-snippet":"max-snippet:-1","max-image-preview":"max-image-preview:large","max-video-preview":"max-video-preview:-1"},"canonical":"https:\/\/ornas.fi\/en\/product\/valipala\/","og_locale":"en_US","og_type":"article","og_title":"V\u00e4lipala - Orn\u00e4s Design and Craftsmanship","og_description":"Orn\u00e4s Heritage Collection Design Carl-Gustaf Hiort af Orn\u00e4s 1950-luku","og_url":"https:\/\/ornas.fi\/en\/product\/valipala\/","og_site_name":"Orn\u00e4s Design and Craftsmanship","article_modified_time":"2024-03-27T10:54:44+00:00","og_image":[{"width":1024,"height":1440,"url":"https:\/\/ornas.fi\/wp-content\/uploads\/2021\/01\/Ornas_Valipala_002.jpg","type":"image\/jpeg"}],"twitter_card":"summary_large_image","twitter_misc":{"Est. reading time":"2 minutes"},"schema":{"@context":"https:\/\/schema.org","@graph":[{"@type":"WebPage","@id":"https:\/\/ornas.fi\/en\/product\/valipala\/","url":"https:\/\/ornas.fi\/en\/product\/valipala\/","name":"V\u00e4lipala - Orn\u00e4s Design and Craftsmanship","isPartOf":{"@id":"https:\/\/ornas.fi\/en\/#website"},"primaryImageOfPage":{"@id":"https:\/\/ornas.fi\/en\/product\/valipala\/#primaryimage"},"image":{"@id":"https:\/\/ornas.fi\/en\/product\/valipala\/#primaryimage"},"thumbnailUrl":"https:\/\/ornas.fi\/wp-content\/uploads\/2021\/01\/Ornas_Valipala_002.jpg","datePublished":"2021-09-27T12:09:16+00:00","dateModified":"2024-03-27T10:54:44+00:00","breadcrumb":{"@id":"https:\/\/ornas.fi\/en\/product\/valipala\/#breadcrumb"},"inLanguage":"en-US","potentialAction":[{"@type":"ReadAction","target":["https:\/\/ornas.fi\/en\/product\/valipala\/"]}]},{"@type":"ImageObject","inLanguage":"en-US","@id":"https:\/\/ornas.fi\/en\/product\/valipala\/#primaryimage","url":"https:\/\/ornas.fi\/wp-content\/uploads\/2021\/01\/Ornas_Valipala_002.jpg","contentUrl":"https:\/\/ornas.fi\/wp-content\/uploads\/2021\/01\/Ornas_Valipala_002.jpg","width":1024,"height":1440},{"@type":"BreadcrumbList","@id":"https:\/\/ornas.fi\/en\/product\/valipala\/#breadcrumb","itemListElement":[{"@type":"ListItem","position":1,"name":"Front Page","item":"https:\/\/ornas.fi\/en\/"},{"@type":"ListItem","position":2,"name":"Shop","item":"https:\/\/ornas.fi\/en\/shop\/"},{"@type":"ListItem","position":3,"name":"V\u00e4lipala"}]},{"@type":"WebSite","@id":"https:\/\/ornas.fi\/en\/#website","url":"https:\/\/ornas.fi\/en\/","name":"Orn\u00e4s Design and Craftsmanship","description":"Est. 1945","potentialAction":[{"@type":"SearchAction","target":{"@type":"EntryPoint","urlTemplate":"https:\/\/ornas.fi\/en\/?s={search_term_string}"},"query-input":{"@type":"PropertyValueSpecification","valueRequired":true,"valueName":"search_term_string"}}],"inLanguage":"en-US"}]}},"_links":{"self":[{"href":"https:\/\/ornas.fi\/en\/wp-json\/wp\/v2\/product\/2050"}],"collection":[{"href":"https:\/\/ornas.fi\/en\/wp-json\/wp\/v2\/product"}],"about":[{"href":"https:\/\/ornas.fi\/en\/wp-json\/wp\/v2\/types\/product"}],"wp:featuredmedia":[{"embeddable":true,"href":"https:\/\/ornas.fi\/en\/wp-json\/wp\/v2\/media\/198"}],"wp:attachment":[{"href":"https:\/\/ornas.fi\/en\/wp-json\/wp\/v2\/media?parent=2050"}],"wp:term":[{"taxonomy":"tuoteryhma","embeddable":true,"href":"https:\/\/ornas.fi\/en\/wp-json\/wp\/v2\/tuoteryhma?post=2050"},{"taxonomy":"product_cat","embeddable":true,"href":"https:\/\/ornas.fi\/en\/wp-json\/wp\/v2\/product_cat?post=2050"},{"taxonomy":"product_tag","embeddable":true,"href":"https:\/\/ornas.fi\/en\/wp-json\/wp\/v2\/product_tag?post=2050"}],"curies":[{"name":"wp","href":"https:\/\/api.w.org\/{rel}","templated":true}]}}