{"id":1966,"date":"2021-09-24T10:18:02","date_gmt":"2021-09-24T10:18:02","guid":{"rendered":"https:\/\/dgtl.fi\/ornas\/?post_type=product&#038;p=1966"},"modified":"2024-03-27T07:32:58","modified_gmt":"2024-03-27T07:32:58","slug":"kolmiojalka-taso","status":"publish","type":"product","link":"https:\/\/ornas.fi\/en\/product\/kolmiojalka-taso\/","title":{"rendered":"Kolmiojalka"},"content":{"rendered":"<p>The Kolmiojalka occasional table is part of the Kolmiojalka series of classics that all share a triangle-shaped leg structure. The beautifully finished details make it an eye-catching classic. Many of Hiort af Orn\u00e4s\u2019 designs aimed for multiple uses. \u00a0The streamlined, Scandinavian table works equally well as a coffee table, TV stand, plant stand or bench.<\/p>\n<p>The Kolmiojalka occasional table is available in three different types of wood: birch, oak and walnut. The final look depends on the chosen wood, making it a convenient choice for different types of settings, from private homes to public spaces.<\/p>\n<p>All Orn\u00e4s products are handcrafted at its own workshop in Hollola, Finland.<\/p>\n<p><a href=\"https:\/\/www.dropbox.com\/sh\/i6tauiar261w1kh\/AAAcOr5H4nFwWqaIDy1vl4WXa?dl=0\">3D photos Kolmiojalka 130cm <\/a><\/p>\n<p><a href=\"https:\/\/www.dropbox.com\/sh\/3vcg4axsrayl5pp\/AAASE-plg9F1tWjBRfOWI4EFa?dl=0\" target=\"_blank\" rel=\"noopener\">3D photos Kolmiojalka 150cm <\/a><\/p>\n","protected":false},"excerpt":{"rendered":"Orn\u00e4s Heritage Collection\r\nDesign Carl-Gustaf Hiort af Orn\u00e4s\r\n1950-luku","protected":false},"featured_media":2816,"template":"","meta":{"_acf_changed":false,"inline_featured_image":false},"tuoteryhma":[],"product_cat":[75],"product_tag":[],"class_list":{"0":"post-1966","1":"product","2":"type-product","3":"status-publish","4":"has-post-thumbnail","6":"product_cat-tables","8":"first","9":"outofstock","10":"taxable","11":"shipping-taxable","12":"product-type-variable"},"acf":[],"yoast_head":"<!-- This site is optimized with the Yoast SEO plugin v25.6 - https:\/\/yoast.com\/wordpress\/plugins\/seo\/ -->\n<title>Kolmiojalka - Orn\u00e4s Design and Craftsmanship<\/title>\n<meta name=\"robots\" content=\"index, follow, max-snippet:-1, max-image-preview:large, max-video-preview:-1\" \/>\n<link rel=\"canonical\" href=\"https:\/\/ornas.fi\/en\/product\/kolmiojalka-taso\/\" \/>\n<meta property=\"og:locale\" content=\"en_US\" \/>\n<meta property=\"og:type\" content=\"article\" \/>\n<meta property=\"og:title\" content=\"Kolmiojalka - Orn\u00e4s Design and Craftsmanship\" \/>\n<meta property=\"og:description\" content=\"Orn\u00e4s Heritage Collection Design Carl-Gustaf Hiort af Orn\u00e4s 1950-luku\" \/>\n<meta property=\"og:url\" content=\"https:\/\/ornas.fi\/en\/product\/kolmiojalka-taso\/\" \/>\n<meta property=\"og:site_name\" content=\"Orn\u00e4s Design and Craftsmanship\" \/>\n<meta property=\"article:modified_time\" content=\"2024-03-27T07:32:58+00:00\" \/>\n<meta property=\"og:image\" content=\"https:\/\/ornas.fi\/wp-content\/uploads\/2021\/09\/Kolmiojalka_taso_mahonki_matala_L.jpg\" \/>\n\t<meta property=\"og:image:width\" content=\"1024\" \/>\n\t<meta property=\"og:image:height\" content=\"1440\" \/>\n\t<meta property=\"og:image:type\" content=\"image\/jpeg\" \/>\n<meta name=\"twitter:card\" content=\"summary_large_image\" \/>\n<meta name=\"twitter:label1\" content=\"Est. reading time\" \/>\n\t<meta name=\"twitter:data1\" content=\"1 minute\" \/>\n<script type=\"application\/ld+json\" class=\"yoast-schema-graph\">{\"@context\":\"https:\/\/schema.org\",\"@graph\":[{\"@type\":\"WebPage\",\"@id\":\"https:\/\/ornas.fi\/en\/product\/kolmiojalka-taso\/\",\"url\":\"https:\/\/ornas.fi\/en\/product\/kolmiojalka-taso\/\",\"name\":\"Kolmiojalka - Orn\u00e4s Design and Craftsmanship\",\"isPartOf\":{\"@id\":\"https:\/\/ornas.fi\/en\/#website\"},\"primaryImageOfPage\":{\"@id\":\"https:\/\/ornas.fi\/en\/product\/kolmiojalka-taso\/#primaryimage\"},\"image\":{\"@id\":\"https:\/\/ornas.fi\/en\/product\/kolmiojalka-taso\/#primaryimage\"},\"thumbnailUrl\":\"https:\/\/ornas.fi\/wp-content\/uploads\/2021\/09\/Kolmiojalka_taso_mahonki_matala_L.jpg\",\"datePublished\":\"2021-09-24T10:18:02+00:00\",\"dateModified\":\"2024-03-27T07:32:58+00:00\",\"breadcrumb\":{\"@id\":\"https:\/\/ornas.fi\/en\/product\/kolmiojalka-taso\/#breadcrumb\"},\"inLanguage\":\"en-US\",\"potentialAction\":[{\"@type\":\"ReadAction\",\"target\":[\"https:\/\/ornas.fi\/en\/product\/kolmiojalka-taso\/\"]}]},{\"@type\":\"ImageObject\",\"inLanguage\":\"en-US\",\"@id\":\"https:\/\/ornas.fi\/en\/product\/kolmiojalka-taso\/#primaryimage\",\"url\":\"https:\/\/ornas.fi\/wp-content\/uploads\/2021\/09\/Kolmiojalka_taso_mahonki_matala_L.jpg\",\"contentUrl\":\"https:\/\/ornas.fi\/wp-content\/uploads\/2021\/09\/Kolmiojalka_taso_mahonki_matala_L.jpg\",\"width\":1024,\"height\":1440},{\"@type\":\"BreadcrumbList\",\"@id\":\"https:\/\/ornas.fi\/en\/product\/kolmiojalka-taso\/#breadcrumb\",\"itemListElement\":[{\"@type\":\"ListItem\",\"position\":1,\"name\":\"Front Page\",\"item\":\"https:\/\/ornas.fi\/en\/\"},{\"@type\":\"ListItem\",\"position\":2,\"name\":\"Shop\",\"item\":\"https:\/\/ornas.fi\/en\/shop\/\"},{\"@type\":\"ListItem\",\"position\":3,\"name\":\"Kolmiojalka\"}]},{\"@type\":\"WebSite\",\"@id\":\"https:\/\/ornas.fi\/en\/#website\",\"url\":\"https:\/\/ornas.fi\/en\/\",\"name\":\"Orn\u00e4s Design and Craftsmanship\",\"description\":\"Est. 1945\",\"potentialAction\":[{\"@type\":\"SearchAction\",\"target\":{\"@type\":\"EntryPoint\",\"urlTemplate\":\"https:\/\/ornas.fi\/en\/?s={search_term_string}\"},\"query-input\":{\"@type\":\"PropertyValueSpecification\",\"valueRequired\":true,\"valueName\":\"search_term_string\"}}],\"inLanguage\":\"en-US\"}]}<\/script>\n<!-- \/ Yoast SEO plugin. -->","yoast_head_json":{"title":"Kolmiojalka - Orn\u00e4s Design and Craftsmanship","robots":{"index":"index","follow":"follow","max-snippet":"max-snippet:-1","max-image-preview":"max-image-preview:large","max-video-preview":"max-video-preview:-1"},"canonical":"https:\/\/ornas.fi\/en\/product\/kolmiojalka-taso\/","og_locale":"en_US","og_type":"article","og_title":"Kolmiojalka - Orn\u00e4s Design and Craftsmanship","og_description":"Orn\u00e4s Heritage Collection Design Carl-Gustaf Hiort af Orn\u00e4s 1950-luku","og_url":"https:\/\/ornas.fi\/en\/product\/kolmiojalka-taso\/","og_site_name":"Orn\u00e4s Design and Craftsmanship","article_modified_time":"2024-03-27T07:32:58+00:00","og_image":[{"width":1024,"height":1440,"url":"https:\/\/ornas.fi\/wp-content\/uploads\/2021\/09\/Kolmiojalka_taso_mahonki_matala_L.jpg","type":"image\/jpeg"}],"twitter_card":"summary_large_image","twitter_misc":{"Est. reading time":"1 minute"},"schema":{"@context":"https:\/\/schema.org","@graph":[{"@type":"WebPage","@id":"https:\/\/ornas.fi\/en\/product\/kolmiojalka-taso\/","url":"https:\/\/ornas.fi\/en\/product\/kolmiojalka-taso\/","name":"Kolmiojalka - Orn\u00e4s Design and Craftsmanship","isPartOf":{"@id":"https:\/\/ornas.fi\/en\/#website"},"primaryImageOfPage":{"@id":"https:\/\/ornas.fi\/en\/product\/kolmiojalka-taso\/#primaryimage"},"image":{"@id":"https:\/\/ornas.fi\/en\/product\/kolmiojalka-taso\/#primaryimage"},"thumbnailUrl":"https:\/\/ornas.fi\/wp-content\/uploads\/2021\/09\/Kolmiojalka_taso_mahonki_matala_L.jpg","datePublished":"2021-09-24T10:18:02+00:00","dateModified":"2024-03-27T07:32:58+00:00","breadcrumb":{"@id":"https:\/\/ornas.fi\/en\/product\/kolmiojalka-taso\/#breadcrumb"},"inLanguage":"en-US","potentialAction":[{"@type":"ReadAction","target":["https:\/\/ornas.fi\/en\/product\/kolmiojalka-taso\/"]}]},{"@type":"ImageObject","inLanguage":"en-US","@id":"https:\/\/ornas.fi\/en\/product\/kolmiojalka-taso\/#primaryimage","url":"https:\/\/ornas.fi\/wp-content\/uploads\/2021\/09\/Kolmiojalka_taso_mahonki_matala_L.jpg","contentUrl":"https:\/\/ornas.fi\/wp-content\/uploads\/2021\/09\/Kolmiojalka_taso_mahonki_matala_L.jpg","width":1024,"height":1440},{"@type":"BreadcrumbList","@id":"https:\/\/ornas.fi\/en\/product\/kolmiojalka-taso\/#breadcrumb","itemListElement":[{"@type":"ListItem","position":1,"name":"Front Page","item":"https:\/\/ornas.fi\/en\/"},{"@type":"ListItem","position":2,"name":"Shop","item":"https:\/\/ornas.fi\/en\/shop\/"},{"@type":"ListItem","position":3,"name":"Kolmiojalka"}]},{"@type":"WebSite","@id":"https:\/\/ornas.fi\/en\/#website","url":"https:\/\/ornas.fi\/en\/","name":"Orn\u00e4s Design and Craftsmanship","description":"Est. 1945","potentialAction":[{"@type":"SearchAction","target":{"@type":"EntryPoint","urlTemplate":"https:\/\/ornas.fi\/en\/?s={search_term_string}"},"query-input":{"@type":"PropertyValueSpecification","valueRequired":true,"valueName":"search_term_string"}}],"inLanguage":"en-US"}]}},"_links":{"self":[{"href":"https:\/\/ornas.fi\/en\/wp-json\/wp\/v2\/product\/1966"}],"collection":[{"href":"https:\/\/ornas.fi\/en\/wp-json\/wp\/v2\/product"}],"about":[{"href":"https:\/\/ornas.fi\/en\/wp-json\/wp\/v2\/types\/product"}],"wp:featuredmedia":[{"embeddable":true,"href":"https:\/\/ornas.fi\/en\/wp-json\/wp\/v2\/media\/2816"}],"wp:attachment":[{"href":"https:\/\/ornas.fi\/en\/wp-json\/wp\/v2\/media?parent=1966"}],"wp:term":[{"taxonomy":"tuoteryhma","embeddable":true,"href":"https:\/\/ornas.fi\/en\/wp-json\/wp\/v2\/tuoteryhma?post=1966"},{"taxonomy":"product_cat","embeddable":true,"href":"https:\/\/ornas.fi\/en\/wp-json\/wp\/v2\/product_cat?post=1966"},{"taxonomy":"product_tag","embeddable":true,"href":"https:\/\/ornas.fi\/en\/wp-json\/wp\/v2\/product_tag?post=1966"}],"curies":[{"name":"wp","href":"https:\/\/api.w.org\/{rel}","templated":true}]}}