{"id":1952,"date":"2021-09-23T12:58:42","date_gmt":"2021-09-23T12:58:42","guid":{"rendered":"https:\/\/dgtl.fi\/ornas\/?post_type=product&#038;p=1952"},"modified":"2022-07-18T12:55:01","modified_gmt":"2022-07-18T12:55:01","slug":"nayttely-2","status":"publish","type":"product","link":"https:\/\/ornas.fi\/en\/product\/nayttely-2\/","title":{"rendered":"N\u00e4yttely"},"content":{"rendered":"<div class=\"product-desc full-desc\">\n<p>The hand-braided backrest gives the solid-wood frame N\u00e4yttely chair a touch of sophistication.\u00a0At the same time, it visually counterbalances the minimalist design of the chair.<\/p>\n<p>The intricate braided leather back of the solid-wood N\u00e4yttely chair is an essential part of the chair\u2019s visual identity.<\/p>\n<p>The braiding of the backrest and the upholstery are handcrafted and take a skilled craftsman a whole day to make. Made from natural materials, the chair is a durable piece that will acquire a beautiful patina over time.<\/p>\n<p>The N\u00e4yttely chair is a comfortable seat, even during a long meal. The leather backrest offers good support with the padded seat adding to the comfort.<\/p>\n<p>Designed by Hiort af Orn\u00e4s in 1955, the chair has a solid oak frame. The N\u00e4yttely chair suits a wide range of styles and interiors, and its look can be varied by the choice of surface finish, upholstery and braided leather mesh.\u00a0 The braided leather backrest is available in natural nude, cognac or black. The leather upholstery comes in the same colours. The fabric upholstery options for the seat are Orn\u00e4s standard fabrics and also Lauritzon Flex linen in a range of colours from raw linen through ochre and grey to carbon black.<\/p>\n<p>Re-issued in 2021, the N\u00e4yttely chair is part of a collection of the same name, which Hiort af Orn\u00e4s designed in the 1950s as an interior element for Finnish embassies.<\/p>\n<p>Orn\u00e4s furniture is manufactured in Finland with respect for tradition.<\/p>\n<\/div>\n","protected":false},"excerpt":{"rendered":"Orn\u00e4s Heritage Collection\r\nDesign Carl-Gustaf Hiort af Orn\u00e4s\r\n1955","protected":false},"featured_media":2415,"template":"","meta":{"_acf_changed":false,"inline_featured_image":false},"tuoteryhma":[47],"product_cat":[],"product_tag":[],"class_list":{"0":"post-1952","1":"product","2":"type-product","3":"status-publish","4":"has-post-thumbnail","6":"tuoteryhma-nayttely","8":"first","9":"instock","10":"taxable","11":"shipping-taxable","12":"purchasable","13":"product-type-variable"},"acf":[],"yoast_head":"<!-- This site is optimized with the Yoast SEO plugin v25.6 - https:\/\/yoast.com\/wordpress\/plugins\/seo\/ -->\n<title>N\u00e4yttely - Orn\u00e4s Design and Craftsmanship<\/title>\n<meta name=\"robots\" content=\"index, follow, max-snippet:-1, max-image-preview:large, max-video-preview:-1\" \/>\n<link rel=\"canonical\" href=\"https:\/\/ornas.fi\/en\/product\/nayttely-2\/\" \/>\n<meta property=\"og:locale\" content=\"en_US\" \/>\n<meta property=\"og:type\" content=\"article\" \/>\n<meta property=\"og:title\" content=\"N\u00e4yttely - Orn\u00e4s Design and Craftsmanship\" \/>\n<meta property=\"og:description\" content=\"Orn\u00e4s Heritage Collection Design Carl-Gustaf Hiort af Orn\u00e4s 1955\" \/>\n<meta property=\"og:url\" content=\"https:\/\/ornas.fi\/en\/product\/nayttely-2\/\" \/>\n<meta property=\"og:site_name\" content=\"Orn\u00e4s Design and Craftsmanship\" \/>\n<meta property=\"article:modified_time\" content=\"2022-07-18T12:55:01+00:00\" \/>\n<meta property=\"og:image\" content=\"https:\/\/ornas.fi\/wp-content\/uploads\/2021\/09\/Nayttely_tuoli_musta_nahka-1.jpg\" \/>\n\t<meta property=\"og:image:width\" content=\"1024\" \/>\n\t<meta property=\"og:image:height\" content=\"1441\" \/>\n\t<meta property=\"og:image:type\" content=\"image\/jpeg\" \/>\n<meta name=\"twitter:card\" content=\"summary_large_image\" \/>\n<meta name=\"twitter:label1\" content=\"Est. reading time\" \/>\n\t<meta name=\"twitter:data1\" content=\"2 minutes\" \/>\n<script type=\"application\/ld+json\" class=\"yoast-schema-graph\">{\"@context\":\"https:\/\/schema.org\",\"@graph\":[{\"@type\":\"WebPage\",\"@id\":\"https:\/\/ornas.fi\/en\/product\/nayttely-2\/\",\"url\":\"https:\/\/ornas.fi\/en\/product\/nayttely-2\/\",\"name\":\"N\u00e4yttely - Orn\u00e4s Design and Craftsmanship\",\"isPartOf\":{\"@id\":\"https:\/\/ornas.fi\/en\/#website\"},\"primaryImageOfPage\":{\"@id\":\"https:\/\/ornas.fi\/en\/product\/nayttely-2\/#primaryimage\"},\"image\":{\"@id\":\"https:\/\/ornas.fi\/en\/product\/nayttely-2\/#primaryimage\"},\"thumbnailUrl\":\"https:\/\/ornas.fi\/wp-content\/uploads\/2021\/09\/Nayttely_tuoli_musta_nahka-1.jpg\",\"datePublished\":\"2021-09-23T12:58:42+00:00\",\"dateModified\":\"2022-07-18T12:55:01+00:00\",\"breadcrumb\":{\"@id\":\"https:\/\/ornas.fi\/en\/product\/nayttely-2\/#breadcrumb\"},\"inLanguage\":\"en-US\",\"potentialAction\":[{\"@type\":\"ReadAction\",\"target\":[\"https:\/\/ornas.fi\/en\/product\/nayttely-2\/\"]}]},{\"@type\":\"ImageObject\",\"inLanguage\":\"en-US\",\"@id\":\"https:\/\/ornas.fi\/en\/product\/nayttely-2\/#primaryimage\",\"url\":\"https:\/\/ornas.fi\/wp-content\/uploads\/2021\/09\/Nayttely_tuoli_musta_nahka-1.jpg\",\"contentUrl\":\"https:\/\/ornas.fi\/wp-content\/uploads\/2021\/09\/Nayttely_tuoli_musta_nahka-1.jpg\",\"width\":1024,\"height\":1441},{\"@type\":\"BreadcrumbList\",\"@id\":\"https:\/\/ornas.fi\/en\/product\/nayttely-2\/#breadcrumb\",\"itemListElement\":[{\"@type\":\"ListItem\",\"position\":1,\"name\":\"Front Page\",\"item\":\"https:\/\/ornas.fi\/en\/\"},{\"@type\":\"ListItem\",\"position\":2,\"name\":\"Shop\",\"item\":\"https:\/\/ornas.fi\/en\/shop\/\"},{\"@type\":\"ListItem\",\"position\":3,\"name\":\"N\u00e4yttely\"}]},{\"@type\":\"WebSite\",\"@id\":\"https:\/\/ornas.fi\/en\/#website\",\"url\":\"https:\/\/ornas.fi\/en\/\",\"name\":\"Orn\u00e4s Design and Craftsmanship\",\"description\":\"Est. 1945\",\"potentialAction\":[{\"@type\":\"SearchAction\",\"target\":{\"@type\":\"EntryPoint\",\"urlTemplate\":\"https:\/\/ornas.fi\/en\/?s={search_term_string}\"},\"query-input\":{\"@type\":\"PropertyValueSpecification\",\"valueRequired\":true,\"valueName\":\"search_term_string\"}}],\"inLanguage\":\"en-US\"}]}<\/script>\n<!-- \/ Yoast SEO plugin. -->","yoast_head_json":{"title":"N\u00e4yttely - Orn\u00e4s Design and Craftsmanship","robots":{"index":"index","follow":"follow","max-snippet":"max-snippet:-1","max-image-preview":"max-image-preview:large","max-video-preview":"max-video-preview:-1"},"canonical":"https:\/\/ornas.fi\/en\/product\/nayttely-2\/","og_locale":"en_US","og_type":"article","og_title":"N\u00e4yttely - Orn\u00e4s Design and Craftsmanship","og_description":"Orn\u00e4s Heritage Collection Design Carl-Gustaf Hiort af Orn\u00e4s 1955","og_url":"https:\/\/ornas.fi\/en\/product\/nayttely-2\/","og_site_name":"Orn\u00e4s Design and Craftsmanship","article_modified_time":"2022-07-18T12:55:01+00:00","og_image":[{"width":1024,"height":1441,"url":"https:\/\/ornas.fi\/wp-content\/uploads\/2021\/09\/Nayttely_tuoli_musta_nahka-1.jpg","type":"image\/jpeg"}],"twitter_card":"summary_large_image","twitter_misc":{"Est. reading time":"2 minutes"},"schema":{"@context":"https:\/\/schema.org","@graph":[{"@type":"WebPage","@id":"https:\/\/ornas.fi\/en\/product\/nayttely-2\/","url":"https:\/\/ornas.fi\/en\/product\/nayttely-2\/","name":"N\u00e4yttely - Orn\u00e4s Design and Craftsmanship","isPartOf":{"@id":"https:\/\/ornas.fi\/en\/#website"},"primaryImageOfPage":{"@id":"https:\/\/ornas.fi\/en\/product\/nayttely-2\/#primaryimage"},"image":{"@id":"https:\/\/ornas.fi\/en\/product\/nayttely-2\/#primaryimage"},"thumbnailUrl":"https:\/\/ornas.fi\/wp-content\/uploads\/2021\/09\/Nayttely_tuoli_musta_nahka-1.jpg","datePublished":"2021-09-23T12:58:42+00:00","dateModified":"2022-07-18T12:55:01+00:00","breadcrumb":{"@id":"https:\/\/ornas.fi\/en\/product\/nayttely-2\/#breadcrumb"},"inLanguage":"en-US","potentialAction":[{"@type":"ReadAction","target":["https:\/\/ornas.fi\/en\/product\/nayttely-2\/"]}]},{"@type":"ImageObject","inLanguage":"en-US","@id":"https:\/\/ornas.fi\/en\/product\/nayttely-2\/#primaryimage","url":"https:\/\/ornas.fi\/wp-content\/uploads\/2021\/09\/Nayttely_tuoli_musta_nahka-1.jpg","contentUrl":"https:\/\/ornas.fi\/wp-content\/uploads\/2021\/09\/Nayttely_tuoli_musta_nahka-1.jpg","width":1024,"height":1441},{"@type":"BreadcrumbList","@id":"https:\/\/ornas.fi\/en\/product\/nayttely-2\/#breadcrumb","itemListElement":[{"@type":"ListItem","position":1,"name":"Front Page","item":"https:\/\/ornas.fi\/en\/"},{"@type":"ListItem","position":2,"name":"Shop","item":"https:\/\/ornas.fi\/en\/shop\/"},{"@type":"ListItem","position":3,"name":"N\u00e4yttely"}]},{"@type":"WebSite","@id":"https:\/\/ornas.fi\/en\/#website","url":"https:\/\/ornas.fi\/en\/","name":"Orn\u00e4s Design and Craftsmanship","description":"Est. 1945","potentialAction":[{"@type":"SearchAction","target":{"@type":"EntryPoint","urlTemplate":"https:\/\/ornas.fi\/en\/?s={search_term_string}"},"query-input":{"@type":"PropertyValueSpecification","valueRequired":true,"valueName":"search_term_string"}}],"inLanguage":"en-US"}]}},"_links":{"self":[{"href":"https:\/\/ornas.fi\/en\/wp-json\/wp\/v2\/product\/1952"}],"collection":[{"href":"https:\/\/ornas.fi\/en\/wp-json\/wp\/v2\/product"}],"about":[{"href":"https:\/\/ornas.fi\/en\/wp-json\/wp\/v2\/types\/product"}],"wp:featuredmedia":[{"embeddable":true,"href":"https:\/\/ornas.fi\/en\/wp-json\/wp\/v2\/media\/2415"}],"wp:attachment":[{"href":"https:\/\/ornas.fi\/en\/wp-json\/wp\/v2\/media?parent=1952"}],"wp:term":[{"taxonomy":"tuoteryhma","embeddable":true,"href":"https:\/\/ornas.fi\/en\/wp-json\/wp\/v2\/tuoteryhma?post=1952"},{"taxonomy":"product_cat","embeddable":true,"href":"https:\/\/ornas.fi\/en\/wp-json\/wp\/v2\/product_cat?post=1952"},{"taxonomy":"product_tag","embeddable":true,"href":"https:\/\/ornas.fi\/en\/wp-json\/wp\/v2\/product_tag?post=1952"}],"curies":[{"name":"wp","href":"https:\/\/api.w.org\/{rel}","templated":true}]}}