{"id":1930,"date":"2021-09-23T12:43:31","date_gmt":"2021-09-23T12:43:31","guid":{"rendered":"https:\/\/dgtl.fi\/ornas\/?post_type=product&#038;p=1930"},"modified":"2024-03-27T07:34:18","modified_gmt":"2024-03-27T07:34:18","slug":"nayttely-dining-table","status":"publish","type":"product","link":"https:\/\/ornas.fi\/en\/product\/nayttely-dining-table\/","title":{"rendered":"N\u00e4yttely"},"content":{"rendered":"<p>As a design, the N\u00e4yttely dining table is an archetypal table with meticulously finished detailing that gives it a unique quality. The horizontal veneer on the tabletop accentuates the surface and creates an interesting contrast with the austere profile of the table.<\/p>\n<p>Re-issued in autumn 2021, the minimalist dining table forms a part of the N\u00e4yttely series designed by Carl-Gustaf Hiort af Orn\u00e4s. The table is handcrafted by our cabinetmakers and suits any interior from public spaces to private homes.<\/p>\n<p>A pioneer of Finnish design, Carl-Gustaf Hiort af Orn\u00e4s originally designed the collection in 1955 as an interior element for Finnish embassies. The N\u00e4yttely table and chairs form a harmonious dining set. Thanks to the streamlined form of the N\u00e4yttely dining table it can be combined with many different types of dining chairs<\/p>\n<p>The solid-wood table comes in a choice of three types of wood: walnut, the Scandinavian favourite birch and oak. The veneering on the tabletop is identical to the frame.<\/p>\n<p>The N\u00e4yttely table is available in two versions, one with a solid and one with an extendable top. The extension leaf has a similar apron with the tabletop so that the silhouette of the table remains uninterrupted when extended. The mechanism of steel runners and ball bearings guarantees flawless ease of use.<\/p>\n<p>The dining set of N\u00e4yttely chairs and dining table form a balanced and beautifully harmonious whole. Thanks to the pared-down design, N\u00e4yttely chairs can be combined with a variety of different dining tables. The chair also serves as a beautiful statement piece on its own.<\/p>\n<p>Orn\u00e4s furniture is manufactured in Finland with respect for tradition.<\/p>\n","protected":false},"excerpt":{"rendered":"Orn\u00e4s Heritage Collection\r\nDesign Carl-Gustaf Hiort af Orn\u00e4s\r\n1955","protected":false},"featured_media":2795,"template":"","meta":{"_acf_changed":false,"inline_featured_image":false},"tuoteryhma":[47],"product_cat":[75],"product_tag":[],"class_list":{"0":"post-1930","1":"product","2":"type-product","3":"status-publish","4":"has-post-thumbnail","6":"tuoteryhma-nayttely","7":"product_cat-tables","9":"first","10":"instock","11":"taxable","12":"shipping-taxable","13":"purchasable","14":"product-type-variable"},"acf":[],"yoast_head":"<!-- This site is optimized with the Yoast SEO plugin v25.6 - https:\/\/yoast.com\/wordpress\/plugins\/seo\/ -->\n<title>N\u00e4yttely - Orn\u00e4s Design and Craftsmanship<\/title>\n<meta name=\"robots\" content=\"index, follow, max-snippet:-1, max-image-preview:large, max-video-preview:-1\" \/>\n<link rel=\"canonical\" href=\"https:\/\/ornas.fi\/en\/product\/nayttely-dining-table\/\" \/>\n<meta property=\"og:locale\" content=\"en_US\" \/>\n<meta property=\"og:type\" content=\"article\" \/>\n<meta property=\"og:title\" content=\"N\u00e4yttely - Orn\u00e4s Design and Craftsmanship\" \/>\n<meta property=\"og:description\" content=\"Orn\u00e4s Heritage Collection Design Carl-Gustaf Hiort af Orn\u00e4s 1955\" \/>\n<meta property=\"og:url\" content=\"https:\/\/ornas.fi\/en\/product\/nayttely-dining-table\/\" \/>\n<meta property=\"og:site_name\" content=\"Orn\u00e4s Design and Craftsmanship\" \/>\n<meta property=\"article:modified_time\" content=\"2024-03-27T07:34:18+00:00\" \/>\n<meta property=\"og:image\" content=\"https:\/\/ornas.fi\/wp-content\/uploads\/2021\/09\/Nayttely_poyta_koivu_1_WP-1.jpg\" \/>\n\t<meta property=\"og:image:width\" content=\"1024\" \/>\n\t<meta property=\"og:image:height\" content=\"1440\" \/>\n\t<meta property=\"og:image:type\" content=\"image\/jpeg\" \/>\n<meta name=\"twitter:card\" content=\"summary_large_image\" \/>\n<meta name=\"twitter:label1\" content=\"Est. reading time\" \/>\n\t<meta name=\"twitter:data1\" content=\"2 minutes\" \/>\n<script type=\"application\/ld+json\" class=\"yoast-schema-graph\">{\"@context\":\"https:\/\/schema.org\",\"@graph\":[{\"@type\":\"WebPage\",\"@id\":\"https:\/\/ornas.fi\/en\/product\/nayttely-dining-table\/\",\"url\":\"https:\/\/ornas.fi\/en\/product\/nayttely-dining-table\/\",\"name\":\"N\u00e4yttely - Orn\u00e4s Design and Craftsmanship\",\"isPartOf\":{\"@id\":\"https:\/\/ornas.fi\/en\/#website\"},\"primaryImageOfPage\":{\"@id\":\"https:\/\/ornas.fi\/en\/product\/nayttely-dining-table\/#primaryimage\"},\"image\":{\"@id\":\"https:\/\/ornas.fi\/en\/product\/nayttely-dining-table\/#primaryimage\"},\"thumbnailUrl\":\"https:\/\/ornas.fi\/wp-content\/uploads\/2021\/09\/Nayttely_poyta_koivu_1_WP-1.jpg\",\"datePublished\":\"2021-09-23T12:43:31+00:00\",\"dateModified\":\"2024-03-27T07:34:18+00:00\",\"breadcrumb\":{\"@id\":\"https:\/\/ornas.fi\/en\/product\/nayttely-dining-table\/#breadcrumb\"},\"inLanguage\":\"en-US\",\"potentialAction\":[{\"@type\":\"ReadAction\",\"target\":[\"https:\/\/ornas.fi\/en\/product\/nayttely-dining-table\/\"]}]},{\"@type\":\"ImageObject\",\"inLanguage\":\"en-US\",\"@id\":\"https:\/\/ornas.fi\/en\/product\/nayttely-dining-table\/#primaryimage\",\"url\":\"https:\/\/ornas.fi\/wp-content\/uploads\/2021\/09\/Nayttely_poyta_koivu_1_WP-1.jpg\",\"contentUrl\":\"https:\/\/ornas.fi\/wp-content\/uploads\/2021\/09\/Nayttely_poyta_koivu_1_WP-1.jpg\",\"width\":1024,\"height\":1440},{\"@type\":\"BreadcrumbList\",\"@id\":\"https:\/\/ornas.fi\/en\/product\/nayttely-dining-table\/#breadcrumb\",\"itemListElement\":[{\"@type\":\"ListItem\",\"position\":1,\"name\":\"Front Page\",\"item\":\"https:\/\/ornas.fi\/en\/\"},{\"@type\":\"ListItem\",\"position\":2,\"name\":\"Shop\",\"item\":\"https:\/\/ornas.fi\/en\/shop\/\"},{\"@type\":\"ListItem\",\"position\":3,\"name\":\"N\u00e4yttely\"}]},{\"@type\":\"WebSite\",\"@id\":\"https:\/\/ornas.fi\/en\/#website\",\"url\":\"https:\/\/ornas.fi\/en\/\",\"name\":\"Orn\u00e4s Design and Craftsmanship\",\"description\":\"Est. 1945\",\"potentialAction\":[{\"@type\":\"SearchAction\",\"target\":{\"@type\":\"EntryPoint\",\"urlTemplate\":\"https:\/\/ornas.fi\/en\/?s={search_term_string}\"},\"query-input\":{\"@type\":\"PropertyValueSpecification\",\"valueRequired\":true,\"valueName\":\"search_term_string\"}}],\"inLanguage\":\"en-US\"}]}<\/script>\n<!-- \/ Yoast SEO plugin. -->","yoast_head_json":{"title":"N\u00e4yttely - Orn\u00e4s Design and Craftsmanship","robots":{"index":"index","follow":"follow","max-snippet":"max-snippet:-1","max-image-preview":"max-image-preview:large","max-video-preview":"max-video-preview:-1"},"canonical":"https:\/\/ornas.fi\/en\/product\/nayttely-dining-table\/","og_locale":"en_US","og_type":"article","og_title":"N\u00e4yttely - Orn\u00e4s Design and Craftsmanship","og_description":"Orn\u00e4s Heritage Collection Design Carl-Gustaf Hiort af Orn\u00e4s 1955","og_url":"https:\/\/ornas.fi\/en\/product\/nayttely-dining-table\/","og_site_name":"Orn\u00e4s Design and Craftsmanship","article_modified_time":"2024-03-27T07:34:18+00:00","og_image":[{"width":1024,"height":1440,"url":"https:\/\/ornas.fi\/wp-content\/uploads\/2021\/09\/Nayttely_poyta_koivu_1_WP-1.jpg","type":"image\/jpeg"}],"twitter_card":"summary_large_image","twitter_misc":{"Est. reading time":"2 minutes"},"schema":{"@context":"https:\/\/schema.org","@graph":[{"@type":"WebPage","@id":"https:\/\/ornas.fi\/en\/product\/nayttely-dining-table\/","url":"https:\/\/ornas.fi\/en\/product\/nayttely-dining-table\/","name":"N\u00e4yttely - Orn\u00e4s Design and Craftsmanship","isPartOf":{"@id":"https:\/\/ornas.fi\/en\/#website"},"primaryImageOfPage":{"@id":"https:\/\/ornas.fi\/en\/product\/nayttely-dining-table\/#primaryimage"},"image":{"@id":"https:\/\/ornas.fi\/en\/product\/nayttely-dining-table\/#primaryimage"},"thumbnailUrl":"https:\/\/ornas.fi\/wp-content\/uploads\/2021\/09\/Nayttely_poyta_koivu_1_WP-1.jpg","datePublished":"2021-09-23T12:43:31+00:00","dateModified":"2024-03-27T07:34:18+00:00","breadcrumb":{"@id":"https:\/\/ornas.fi\/en\/product\/nayttely-dining-table\/#breadcrumb"},"inLanguage":"en-US","potentialAction":[{"@type":"ReadAction","target":["https:\/\/ornas.fi\/en\/product\/nayttely-dining-table\/"]}]},{"@type":"ImageObject","inLanguage":"en-US","@id":"https:\/\/ornas.fi\/en\/product\/nayttely-dining-table\/#primaryimage","url":"https:\/\/ornas.fi\/wp-content\/uploads\/2021\/09\/Nayttely_poyta_koivu_1_WP-1.jpg","contentUrl":"https:\/\/ornas.fi\/wp-content\/uploads\/2021\/09\/Nayttely_poyta_koivu_1_WP-1.jpg","width":1024,"height":1440},{"@type":"BreadcrumbList","@id":"https:\/\/ornas.fi\/en\/product\/nayttely-dining-table\/#breadcrumb","itemListElement":[{"@type":"ListItem","position":1,"name":"Front Page","item":"https:\/\/ornas.fi\/en\/"},{"@type":"ListItem","position":2,"name":"Shop","item":"https:\/\/ornas.fi\/en\/shop\/"},{"@type":"ListItem","position":3,"name":"N\u00e4yttely"}]},{"@type":"WebSite","@id":"https:\/\/ornas.fi\/en\/#website","url":"https:\/\/ornas.fi\/en\/","name":"Orn\u00e4s Design and Craftsmanship","description":"Est. 1945","potentialAction":[{"@type":"SearchAction","target":{"@type":"EntryPoint","urlTemplate":"https:\/\/ornas.fi\/en\/?s={search_term_string}"},"query-input":{"@type":"PropertyValueSpecification","valueRequired":true,"valueName":"search_term_string"}}],"inLanguage":"en-US"}]}},"_links":{"self":[{"href":"https:\/\/ornas.fi\/en\/wp-json\/wp\/v2\/product\/1930"}],"collection":[{"href":"https:\/\/ornas.fi\/en\/wp-json\/wp\/v2\/product"}],"about":[{"href":"https:\/\/ornas.fi\/en\/wp-json\/wp\/v2\/types\/product"}],"wp:featuredmedia":[{"embeddable":true,"href":"https:\/\/ornas.fi\/en\/wp-json\/wp\/v2\/media\/2795"}],"wp:attachment":[{"href":"https:\/\/ornas.fi\/en\/wp-json\/wp\/v2\/media?parent=1930"}],"wp:term":[{"taxonomy":"tuoteryhma","embeddable":true,"href":"https:\/\/ornas.fi\/en\/wp-json\/wp\/v2\/tuoteryhma?post=1930"},{"taxonomy":"product_cat","embeddable":true,"href":"https:\/\/ornas.fi\/en\/wp-json\/wp\/v2\/product_cat?post=1930"},{"taxonomy":"product_tag","embeddable":true,"href":"https:\/\/ornas.fi\/en\/wp-json\/wp\/v2\/product_tag?post=1930"}],"curies":[{"name":"wp","href":"https:\/\/api.w.org\/{rel}","templated":true}]}}