{"id":1746,"date":"2021-09-23T07:44:15","date_gmt":"2021-09-23T07:44:15","guid":{"rendered":"https:\/\/dgtl.fi\/ornas\/?post_type=product&#038;p=1746"},"modified":"2024-03-27T07:42:04","modified_gmt":"2024-03-27T07:42:04","slug":"are-2-seater","status":"publish","type":"product","link":"https:\/\/ornas.fi\/en\/product\/are-2-seater\/","title":{"rendered":"\u00c5re 2-seater"},"content":{"rendered":"<p>The \u00c5re sofa is a marriage of a refined aesthetic and functionality. The two-part frame is easy to dissemble and reassemble. The sofa is available in a choice of button upholstery or washable loose covers.<\/p>\n<p>Hiort af Orn\u00e4s approached furniture design like a sculptor, making sure pieces looked beautiful viewed from any angle. The sculptural rear of \u00c5re almost beckons for the sofa to be placed in the middle of the room.<\/p>\n<p>The \u00c5re sofa is also available as a three-seater model, with a walnut, birch or oak frame and with several upholstery options.<\/p>\n<p><a href=\"https:\/\/www.dropbox.com\/sh\/i2c3xlx3e81qmdx\/AAAVvQewpmrEVCAJDEi1cTlya?dl=0\" target=\"_blank\" rel=\"noopener\">3D photos <\/a><\/p>\n","protected":false},"excerpt":{"rendered":"Orn\u00e4s Heritage Collection\r\nDesign Carl-Gustaf Hiort af Orn\u00e4s\r\n1958","protected":false},"featured_media":680,"template":"","meta":{"_acf_changed":false,"inline_featured_image":false},"tuoteryhma":[44],"product_cat":[73,66],"product_tag":[],"class_list":{"0":"post-1746","1":"product","2":"type-product","3":"status-publish","4":"has-post-thumbnail","6":"tuoteryhma-are","7":"product_cat-sofas","8":"product_cat-yleinen-en","10":"first","11":"instock","12":"taxable","13":"shipping-taxable","14":"purchasable","15":"product-type-variable"},"acf":[],"yoast_head":"<!-- This site is optimized with the Yoast SEO plugin v25.6 - https:\/\/yoast.com\/wordpress\/plugins\/seo\/ -->\n<title>\u00c5re 2-seater - Orn\u00e4s Design and Craftsmanship<\/title>\n<meta name=\"robots\" content=\"index, follow, max-snippet:-1, max-image-preview:large, max-video-preview:-1\" \/>\n<link rel=\"canonical\" href=\"https:\/\/ornas.fi\/en\/product\/are-2-seater\/\" \/>\n<meta property=\"og:locale\" content=\"en_US\" \/>\n<meta property=\"og:type\" content=\"article\" \/>\n<meta property=\"og:title\" content=\"\u00c5re 2-seater - Orn\u00e4s Design and Craftsmanship\" \/>\n<meta property=\"og:description\" content=\"Orn\u00e4s Heritage Collection Design Carl-Gustaf Hiort af Orn\u00e4s 1958\" \/>\n<meta property=\"og:url\" content=\"https:\/\/ornas.fi\/en\/product\/are-2-seater\/\" \/>\n<meta property=\"og:site_name\" content=\"Orn\u00e4s Design and Craftsmanship\" \/>\n<meta property=\"article:modified_time\" content=\"2024-03-27T07:42:04+00:00\" \/>\n<meta property=\"og:image\" content=\"https:\/\/ornas.fi\/wp-content\/uploads\/2021\/02\/Ornas_Are_2-seater_001.jpg\" \/>\n\t<meta property=\"og:image:width\" content=\"1024\" \/>\n\t<meta property=\"og:image:height\" content=\"1440\" \/>\n\t<meta property=\"og:image:type\" content=\"image\/jpeg\" \/>\n<meta name=\"twitter:card\" content=\"summary_large_image\" \/>\n<meta name=\"twitter:label1\" content=\"Est. reading time\" \/>\n\t<meta name=\"twitter:data1\" content=\"1 minute\" \/>\n<script type=\"application\/ld+json\" class=\"yoast-schema-graph\">{\"@context\":\"https:\/\/schema.org\",\"@graph\":[{\"@type\":\"WebPage\",\"@id\":\"https:\/\/ornas.fi\/en\/product\/are-2-seater\/\",\"url\":\"https:\/\/ornas.fi\/en\/product\/are-2-seater\/\",\"name\":\"\u00c5re 2-seater - Orn\u00e4s Design and Craftsmanship\",\"isPartOf\":{\"@id\":\"https:\/\/ornas.fi\/en\/#website\"},\"primaryImageOfPage\":{\"@id\":\"https:\/\/ornas.fi\/en\/product\/are-2-seater\/#primaryimage\"},\"image\":{\"@id\":\"https:\/\/ornas.fi\/en\/product\/are-2-seater\/#primaryimage\"},\"thumbnailUrl\":\"https:\/\/ornas.fi\/wp-content\/uploads\/2021\/02\/Ornas_Are_2-seater_001.jpg\",\"datePublished\":\"2021-09-23T07:44:15+00:00\",\"dateModified\":\"2024-03-27T07:42:04+00:00\",\"breadcrumb\":{\"@id\":\"https:\/\/ornas.fi\/en\/product\/are-2-seater\/#breadcrumb\"},\"inLanguage\":\"en-US\",\"potentialAction\":[{\"@type\":\"ReadAction\",\"target\":[\"https:\/\/ornas.fi\/en\/product\/are-2-seater\/\"]}]},{\"@type\":\"ImageObject\",\"inLanguage\":\"en-US\",\"@id\":\"https:\/\/ornas.fi\/en\/product\/are-2-seater\/#primaryimage\",\"url\":\"https:\/\/ornas.fi\/wp-content\/uploads\/2021\/02\/Ornas_Are_2-seater_001.jpg\",\"contentUrl\":\"https:\/\/ornas.fi\/wp-content\/uploads\/2021\/02\/Ornas_Are_2-seater_001.jpg\",\"width\":1024,\"height\":1440},{\"@type\":\"BreadcrumbList\",\"@id\":\"https:\/\/ornas.fi\/en\/product\/are-2-seater\/#breadcrumb\",\"itemListElement\":[{\"@type\":\"ListItem\",\"position\":1,\"name\":\"Front Page\",\"item\":\"https:\/\/ornas.fi\/en\/\"},{\"@type\":\"ListItem\",\"position\":2,\"name\":\"Shop\",\"item\":\"https:\/\/ornas.fi\/en\/shop\/\"},{\"@type\":\"ListItem\",\"position\":3,\"name\":\"\u00c5re 2-seater\"}]},{\"@type\":\"WebSite\",\"@id\":\"https:\/\/ornas.fi\/en\/#website\",\"url\":\"https:\/\/ornas.fi\/en\/\",\"name\":\"Orn\u00e4s Design and Craftsmanship\",\"description\":\"Est. 1945\",\"potentialAction\":[{\"@type\":\"SearchAction\",\"target\":{\"@type\":\"EntryPoint\",\"urlTemplate\":\"https:\/\/ornas.fi\/en\/?s={search_term_string}\"},\"query-input\":{\"@type\":\"PropertyValueSpecification\",\"valueRequired\":true,\"valueName\":\"search_term_string\"}}],\"inLanguage\":\"en-US\"}]}<\/script>\n<!-- \/ Yoast SEO plugin. -->","yoast_head_json":{"title":"\u00c5re 2-seater - Orn\u00e4s Design and Craftsmanship","robots":{"index":"index","follow":"follow","max-snippet":"max-snippet:-1","max-image-preview":"max-image-preview:large","max-video-preview":"max-video-preview:-1"},"canonical":"https:\/\/ornas.fi\/en\/product\/are-2-seater\/","og_locale":"en_US","og_type":"article","og_title":"\u00c5re 2-seater - Orn\u00e4s Design and Craftsmanship","og_description":"Orn\u00e4s Heritage Collection Design Carl-Gustaf Hiort af Orn\u00e4s 1958","og_url":"https:\/\/ornas.fi\/en\/product\/are-2-seater\/","og_site_name":"Orn\u00e4s Design and Craftsmanship","article_modified_time":"2024-03-27T07:42:04+00:00","og_image":[{"width":1024,"height":1440,"url":"https:\/\/ornas.fi\/wp-content\/uploads\/2021\/02\/Ornas_Are_2-seater_001.jpg","type":"image\/jpeg"}],"twitter_card":"summary_large_image","twitter_misc":{"Est. reading time":"1 minute"},"schema":{"@context":"https:\/\/schema.org","@graph":[{"@type":"WebPage","@id":"https:\/\/ornas.fi\/en\/product\/are-2-seater\/","url":"https:\/\/ornas.fi\/en\/product\/are-2-seater\/","name":"\u00c5re 2-seater - Orn\u00e4s Design and Craftsmanship","isPartOf":{"@id":"https:\/\/ornas.fi\/en\/#website"},"primaryImageOfPage":{"@id":"https:\/\/ornas.fi\/en\/product\/are-2-seater\/#primaryimage"},"image":{"@id":"https:\/\/ornas.fi\/en\/product\/are-2-seater\/#primaryimage"},"thumbnailUrl":"https:\/\/ornas.fi\/wp-content\/uploads\/2021\/02\/Ornas_Are_2-seater_001.jpg","datePublished":"2021-09-23T07:44:15+00:00","dateModified":"2024-03-27T07:42:04+00:00","breadcrumb":{"@id":"https:\/\/ornas.fi\/en\/product\/are-2-seater\/#breadcrumb"},"inLanguage":"en-US","potentialAction":[{"@type":"ReadAction","target":["https:\/\/ornas.fi\/en\/product\/are-2-seater\/"]}]},{"@type":"ImageObject","inLanguage":"en-US","@id":"https:\/\/ornas.fi\/en\/product\/are-2-seater\/#primaryimage","url":"https:\/\/ornas.fi\/wp-content\/uploads\/2021\/02\/Ornas_Are_2-seater_001.jpg","contentUrl":"https:\/\/ornas.fi\/wp-content\/uploads\/2021\/02\/Ornas_Are_2-seater_001.jpg","width":1024,"height":1440},{"@type":"BreadcrumbList","@id":"https:\/\/ornas.fi\/en\/product\/are-2-seater\/#breadcrumb","itemListElement":[{"@type":"ListItem","position":1,"name":"Front Page","item":"https:\/\/ornas.fi\/en\/"},{"@type":"ListItem","position":2,"name":"Shop","item":"https:\/\/ornas.fi\/en\/shop\/"},{"@type":"ListItem","position":3,"name":"\u00c5re 2-seater"}]},{"@type":"WebSite","@id":"https:\/\/ornas.fi\/en\/#website","url":"https:\/\/ornas.fi\/en\/","name":"Orn\u00e4s Design and Craftsmanship","description":"Est. 1945","potentialAction":[{"@type":"SearchAction","target":{"@type":"EntryPoint","urlTemplate":"https:\/\/ornas.fi\/en\/?s={search_term_string}"},"query-input":{"@type":"PropertyValueSpecification","valueRequired":true,"valueName":"search_term_string"}}],"inLanguage":"en-US"}]}},"_links":{"self":[{"href":"https:\/\/ornas.fi\/en\/wp-json\/wp\/v2\/product\/1746"}],"collection":[{"href":"https:\/\/ornas.fi\/en\/wp-json\/wp\/v2\/product"}],"about":[{"href":"https:\/\/ornas.fi\/en\/wp-json\/wp\/v2\/types\/product"}],"wp:featuredmedia":[{"embeddable":true,"href":"https:\/\/ornas.fi\/en\/wp-json\/wp\/v2\/media\/680"}],"wp:attachment":[{"href":"https:\/\/ornas.fi\/en\/wp-json\/wp\/v2\/media?parent=1746"}],"wp:term":[{"taxonomy":"tuoteryhma","embeddable":true,"href":"https:\/\/ornas.fi\/en\/wp-json\/wp\/v2\/tuoteryhma?post=1746"},{"taxonomy":"product_cat","embeddable":true,"href":"https:\/\/ornas.fi\/en\/wp-json\/wp\/v2\/product_cat?post=1746"},{"taxonomy":"product_tag","embeddable":true,"href":"https:\/\/ornas.fi\/en\/wp-json\/wp\/v2\/product_tag?post=1746"}],"curies":[{"name":"wp","href":"https:\/\/api.w.org\/{rel}","templated":true}]}}