{"id":1404,"date":"2021-09-22T12:11:57","date_gmt":"2021-09-22T12:11:57","guid":{"rendered":"https:\/\/dgtl.fi\/ornas\/?post_type=product&#038;p=1404"},"modified":"2024-03-27T07:44:07","modified_gmt":"2024-03-27T07:44:07","slug":"pedro-nojatuoli","status":"publish","type":"product","link":"https:\/\/ornas.fi\/en\/product\/pedro-nojatuoli\/","title":{"rendered":"Pedro"},"content":{"rendered":"<p>The Pedro lounge chair combines sculptural legs with a soft, curvy seat. The delicate lounge chair suits a variety of spaces and styles, and creates a beautiful pair with the sofa and other lounge chairs in the Pedro range.<\/p>\n<p>The 1950s design emanates timeless elegance and gentle functionality. Hiort af Orn\u00e4s designed the Pedro range in the early 1950s as furniture for every home. His design aimed for a contemporary yet timeless feel. The delicate sofa with its balanced proportions suits a variety of interior styles from public spaces to private homes.<\/p>\n<p>Available with walnut, birch or oak legs and several upholstery options.<\/p>\n<p><a href=\"https:\/\/www.dropbox.com\/sh\/tpioevbtd1iagqa\/AABjmJCV5jpwAdSFlGbsh8cba?dl=0\" target=\"_blank\" rel=\"noopener\">3D photos <\/a><\/p>\n","protected":false},"excerpt":{"rendered":"Orn\u00e4s Heritage Collection\r\nDesign Carl-Gustaf Hiort af Orn\u00e4s\r\n1952","protected":false},"featured_media":793,"template":"","meta":{"_acf_changed":false,"inline_featured_image":false},"tuoteryhma":[],"product_cat":[76],"product_tag":[],"class_list":{"0":"post-1404","1":"product","2":"type-product","3":"status-publish","4":"has-post-thumbnail","6":"product_cat-lounge-chairs","8":"first","9":"instock","10":"taxable","11":"shipping-taxable","12":"purchasable","13":"product-type-variable"},"acf":[],"yoast_head":"<!-- This site is optimized with the Yoast SEO plugin v25.6 - https:\/\/yoast.com\/wordpress\/plugins\/seo\/ -->\n<title>Pedro - Orn\u00e4s Design and Craftsmanship<\/title>\n<meta name=\"robots\" content=\"index, follow, max-snippet:-1, max-image-preview:large, max-video-preview:-1\" \/>\n<link rel=\"canonical\" href=\"https:\/\/ornas.fi\/en\/product\/pedro-nojatuoli\/\" \/>\n<meta property=\"og:locale\" content=\"en_US\" \/>\n<meta property=\"og:type\" content=\"article\" \/>\n<meta property=\"og:title\" content=\"Pedro - Orn\u00e4s Design and Craftsmanship\" \/>\n<meta property=\"og:description\" content=\"Orn\u00e4s Heritage Collection Design Carl-Gustaf Hiort af Orn\u00e4s 1952\" \/>\n<meta property=\"og:url\" content=\"https:\/\/ornas.fi\/en\/product\/pedro-nojatuoli\/\" \/>\n<meta property=\"og:site_name\" content=\"Orn\u00e4s Design and Craftsmanship\" \/>\n<meta property=\"article:modified_time\" content=\"2024-03-27T07:44:07+00:00\" \/>\n<meta property=\"og:image\" content=\"https:\/\/ornas.fi\/wp-content\/uploads\/2021\/03\/Ornas_Pedro_004_L.jpg\" \/>\n\t<meta property=\"og:image:width\" content=\"620\" \/>\n\t<meta property=\"og:image:height\" content=\"877\" \/>\n\t<meta property=\"og:image:type\" content=\"image\/jpeg\" \/>\n<meta name=\"twitter:card\" content=\"summary_large_image\" \/>\n<meta name=\"twitter:label1\" content=\"Est. reading time\" \/>\n\t<meta name=\"twitter:data1\" content=\"1 minute\" \/>\n<script type=\"application\/ld+json\" class=\"yoast-schema-graph\">{\"@context\":\"https:\/\/schema.org\",\"@graph\":[{\"@type\":\"WebPage\",\"@id\":\"https:\/\/ornas.fi\/en\/product\/pedro-nojatuoli\/\",\"url\":\"https:\/\/ornas.fi\/en\/product\/pedro-nojatuoli\/\",\"name\":\"Pedro - Orn\u00e4s Design and Craftsmanship\",\"isPartOf\":{\"@id\":\"https:\/\/ornas.fi\/en\/#website\"},\"primaryImageOfPage\":{\"@id\":\"https:\/\/ornas.fi\/en\/product\/pedro-nojatuoli\/#primaryimage\"},\"image\":{\"@id\":\"https:\/\/ornas.fi\/en\/product\/pedro-nojatuoli\/#primaryimage\"},\"thumbnailUrl\":\"https:\/\/ornas.fi\/wp-content\/uploads\/2021\/03\/Ornas_Pedro_004_L.jpg\",\"datePublished\":\"2021-09-22T12:11:57+00:00\",\"dateModified\":\"2024-03-27T07:44:07+00:00\",\"breadcrumb\":{\"@id\":\"https:\/\/ornas.fi\/en\/product\/pedro-nojatuoli\/#breadcrumb\"},\"inLanguage\":\"en-US\",\"potentialAction\":[{\"@type\":\"ReadAction\",\"target\":[\"https:\/\/ornas.fi\/en\/product\/pedro-nojatuoli\/\"]}]},{\"@type\":\"ImageObject\",\"inLanguage\":\"en-US\",\"@id\":\"https:\/\/ornas.fi\/en\/product\/pedro-nojatuoli\/#primaryimage\",\"url\":\"https:\/\/ornas.fi\/wp-content\/uploads\/2021\/03\/Ornas_Pedro_004_L.jpg\",\"contentUrl\":\"https:\/\/ornas.fi\/wp-content\/uploads\/2021\/03\/Ornas_Pedro_004_L.jpg\",\"width\":620,\"height\":877},{\"@type\":\"BreadcrumbList\",\"@id\":\"https:\/\/ornas.fi\/en\/product\/pedro-nojatuoli\/#breadcrumb\",\"itemListElement\":[{\"@type\":\"ListItem\",\"position\":1,\"name\":\"Front Page\",\"item\":\"https:\/\/ornas.fi\/en\/\"},{\"@type\":\"ListItem\",\"position\":2,\"name\":\"Shop\",\"item\":\"https:\/\/ornas.fi\/en\/shop\/\"},{\"@type\":\"ListItem\",\"position\":3,\"name\":\"Pedro\"}]},{\"@type\":\"WebSite\",\"@id\":\"https:\/\/ornas.fi\/en\/#website\",\"url\":\"https:\/\/ornas.fi\/en\/\",\"name\":\"Orn\u00e4s Design and Craftsmanship\",\"description\":\"Est. 1945\",\"potentialAction\":[{\"@type\":\"SearchAction\",\"target\":{\"@type\":\"EntryPoint\",\"urlTemplate\":\"https:\/\/ornas.fi\/en\/?s={search_term_string}\"},\"query-input\":{\"@type\":\"PropertyValueSpecification\",\"valueRequired\":true,\"valueName\":\"search_term_string\"}}],\"inLanguage\":\"en-US\"}]}<\/script>\n<!-- \/ Yoast SEO plugin. -->","yoast_head_json":{"title":"Pedro - Orn\u00e4s Design and Craftsmanship","robots":{"index":"index","follow":"follow","max-snippet":"max-snippet:-1","max-image-preview":"max-image-preview:large","max-video-preview":"max-video-preview:-1"},"canonical":"https:\/\/ornas.fi\/en\/product\/pedro-nojatuoli\/","og_locale":"en_US","og_type":"article","og_title":"Pedro - Orn\u00e4s Design and Craftsmanship","og_description":"Orn\u00e4s Heritage Collection Design Carl-Gustaf Hiort af Orn\u00e4s 1952","og_url":"https:\/\/ornas.fi\/en\/product\/pedro-nojatuoli\/","og_site_name":"Orn\u00e4s Design and Craftsmanship","article_modified_time":"2024-03-27T07:44:07+00:00","og_image":[{"width":620,"height":877,"url":"https:\/\/ornas.fi\/wp-content\/uploads\/2021\/03\/Ornas_Pedro_004_L.jpg","type":"image\/jpeg"}],"twitter_card":"summary_large_image","twitter_misc":{"Est. reading time":"1 minute"},"schema":{"@context":"https:\/\/schema.org","@graph":[{"@type":"WebPage","@id":"https:\/\/ornas.fi\/en\/product\/pedro-nojatuoli\/","url":"https:\/\/ornas.fi\/en\/product\/pedro-nojatuoli\/","name":"Pedro - Orn\u00e4s Design and Craftsmanship","isPartOf":{"@id":"https:\/\/ornas.fi\/en\/#website"},"primaryImageOfPage":{"@id":"https:\/\/ornas.fi\/en\/product\/pedro-nojatuoli\/#primaryimage"},"image":{"@id":"https:\/\/ornas.fi\/en\/product\/pedro-nojatuoli\/#primaryimage"},"thumbnailUrl":"https:\/\/ornas.fi\/wp-content\/uploads\/2021\/03\/Ornas_Pedro_004_L.jpg","datePublished":"2021-09-22T12:11:57+00:00","dateModified":"2024-03-27T07:44:07+00:00","breadcrumb":{"@id":"https:\/\/ornas.fi\/en\/product\/pedro-nojatuoli\/#breadcrumb"},"inLanguage":"en-US","potentialAction":[{"@type":"ReadAction","target":["https:\/\/ornas.fi\/en\/product\/pedro-nojatuoli\/"]}]},{"@type":"ImageObject","inLanguage":"en-US","@id":"https:\/\/ornas.fi\/en\/product\/pedro-nojatuoli\/#primaryimage","url":"https:\/\/ornas.fi\/wp-content\/uploads\/2021\/03\/Ornas_Pedro_004_L.jpg","contentUrl":"https:\/\/ornas.fi\/wp-content\/uploads\/2021\/03\/Ornas_Pedro_004_L.jpg","width":620,"height":877},{"@type":"BreadcrumbList","@id":"https:\/\/ornas.fi\/en\/product\/pedro-nojatuoli\/#breadcrumb","itemListElement":[{"@type":"ListItem","position":1,"name":"Front Page","item":"https:\/\/ornas.fi\/en\/"},{"@type":"ListItem","position":2,"name":"Shop","item":"https:\/\/ornas.fi\/en\/shop\/"},{"@type":"ListItem","position":3,"name":"Pedro"}]},{"@type":"WebSite","@id":"https:\/\/ornas.fi\/en\/#website","url":"https:\/\/ornas.fi\/en\/","name":"Orn\u00e4s Design and Craftsmanship","description":"Est. 1945","potentialAction":[{"@type":"SearchAction","target":{"@type":"EntryPoint","urlTemplate":"https:\/\/ornas.fi\/en\/?s={search_term_string}"},"query-input":{"@type":"PropertyValueSpecification","valueRequired":true,"valueName":"search_term_string"}}],"inLanguage":"en-US"}]}},"_links":{"self":[{"href":"https:\/\/ornas.fi\/en\/wp-json\/wp\/v2\/product\/1404"}],"collection":[{"href":"https:\/\/ornas.fi\/en\/wp-json\/wp\/v2\/product"}],"about":[{"href":"https:\/\/ornas.fi\/en\/wp-json\/wp\/v2\/types\/product"}],"wp:featuredmedia":[{"embeddable":true,"href":"https:\/\/ornas.fi\/en\/wp-json\/wp\/v2\/media\/793"}],"wp:attachment":[{"href":"https:\/\/ornas.fi\/en\/wp-json\/wp\/v2\/media?parent=1404"}],"wp:term":[{"taxonomy":"tuoteryhma","embeddable":true,"href":"https:\/\/ornas.fi\/en\/wp-json\/wp\/v2\/tuoteryhma?post=1404"},{"taxonomy":"product_cat","embeddable":true,"href":"https:\/\/ornas.fi\/en\/wp-json\/wp\/v2\/product_cat?post=1404"},{"taxonomy":"product_tag","embeddable":true,"href":"https:\/\/ornas.fi\/en\/wp-json\/wp\/v2\/product_tag?post=1404"}],"curies":[{"name":"wp","href":"https:\/\/api.w.org\/{rel}","templated":true}]}}