{"id":1299,"date":"2021-08-03T13:47:27","date_gmt":"2021-08-03T13:47:27","guid":{"rendered":"https:\/\/dgtl.fi\/ornas\/tuote\/nayttely\/"},"modified":"2024-03-27T11:26:42","modified_gmt":"2024-03-27T11:26:42","slug":"nayttely","status":"publish","type":"product","link":"https:\/\/ornas.fi\/en\/product\/nayttely\/","title":{"rendered":"N\u00e4yttely"},"content":{"rendered":"<p>The elegant forms and sophisticated finishes of the N\u00e4yttely display cabinet form an elegant whole. Light flows freely through the glass doors and walls, giving the cabinet with a solid wood frame a light and airy feel.<\/p>\n<p>Re-issued in autumn 2020, the N\u00e4yttely display cabinet can be adjusted for a range of interiors according to the chosen wood, surface treatment and finish on the rear. Walnut, oak and pale Scandinavian birch can be combined equally well with raw linen or clear or black glass.<\/p>\n<p>The cabinet is a versatile storage solution. The hand-cut glass shelves make sure vignettes of treasured objects stand in the limelight, while the glass doors protect books and tableware from dust. Due to its small size, the cabinet suits a range of purposes and looks right in different areas of the home. The beautiful finish on the back means the cabinet can also be used as a room divider.<\/p>\n<p>Hiort af Orn\u00e4s originally designed the N\u00e4yttely display cabinet in 1955 as an interior element for Finnish embassies. Each cabinet is still handmade in Finland to the finest detail using the same original methods.<\/p>\n<p><a href=\"https:\/\/www.dropbox.com\/sh\/49w653rcekoj7iv\/AABmLPvBgKYXiIWtqyIQGkDoa?dl=0\" target=\"_blank\" rel=\"noopener\">3D photos <\/a><\/p>\n","protected":false},"excerpt":{"rendered":"Orn\u00e4s Heritage Collection\r\nDesign Carl-Gustaf Hiort af Orn\u00e4s\r\n1955","protected":false},"featured_media":706,"template":"","meta":{"_acf_changed":false,"inline_featured_image":false},"tuoteryhma":[47],"product_cat":[72,76,48,73,75,66],"product_tag":[],"class_list":{"0":"post-1299","1":"product","2":"type-product","3":"status-publish","4":"has-post-thumbnail","6":"tuoteryhma-nayttely","7":"product_cat-benches-and-footstools","8":"product_cat-lounge-chairs","9":"product_cat-shelves-and-cabinets","10":"product_cat-sofas","11":"product_cat-tables","12":"product_cat-yleinen-en","14":"first","15":"instock","16":"taxable","17":"shipping-taxable","18":"purchasable","19":"product-type-variable"},"acf":[],"yoast_head":"<!-- This site is optimized with the Yoast SEO plugin v25.6 - https:\/\/yoast.com\/wordpress\/plugins\/seo\/ -->\n<title>N\u00e4yttely - Orn\u00e4s Design and Craftsmanship<\/title>\n<meta name=\"robots\" content=\"index, follow, max-snippet:-1, max-image-preview:large, max-video-preview:-1\" \/>\n<link rel=\"canonical\" href=\"https:\/\/ornas.fi\/en\/product\/nayttely\/\" \/>\n<meta property=\"og:locale\" content=\"en_US\" \/>\n<meta property=\"og:type\" content=\"article\" \/>\n<meta property=\"og:title\" content=\"N\u00e4yttely - Orn\u00e4s Design and Craftsmanship\" \/>\n<meta property=\"og:description\" content=\"Orn\u00e4s Heritage Collection Design Carl-Gustaf Hiort af Orn\u00e4s 1955\" \/>\n<meta property=\"og:url\" content=\"https:\/\/ornas.fi\/en\/product\/nayttely\/\" \/>\n<meta property=\"og:site_name\" content=\"Orn\u00e4s Design and Craftsmanship\" \/>\n<meta property=\"article:modified_time\" content=\"2024-03-27T11:26:42+00:00\" \/>\n<meta property=\"og:image\" content=\"https:\/\/ornas.fi\/wp-content\/uploads\/2021\/01\/Nayttelyvitriini_valkovahattu_tammi_pellavatausta_wp.jpg\" \/>\n\t<meta property=\"og:image:width\" content=\"737\" \/>\n\t<meta property=\"og:image:height\" content=\"1037\" \/>\n\t<meta property=\"og:image:type\" content=\"image\/jpeg\" \/>\n<meta name=\"twitter:card\" content=\"summary_large_image\" \/>\n<meta name=\"twitter:label1\" content=\"Est. reading time\" \/>\n\t<meta name=\"twitter:data1\" content=\"2 minutes\" \/>\n<script type=\"application\/ld+json\" class=\"yoast-schema-graph\">{\"@context\":\"https:\/\/schema.org\",\"@graph\":[{\"@type\":\"WebPage\",\"@id\":\"https:\/\/ornas.fi\/en\/product\/nayttely\/\",\"url\":\"https:\/\/ornas.fi\/en\/product\/nayttely\/\",\"name\":\"N\u00e4yttely - Orn\u00e4s Design and Craftsmanship\",\"isPartOf\":{\"@id\":\"https:\/\/ornas.fi\/en\/#website\"},\"primaryImageOfPage\":{\"@id\":\"https:\/\/ornas.fi\/en\/product\/nayttely\/#primaryimage\"},\"image\":{\"@id\":\"https:\/\/ornas.fi\/en\/product\/nayttely\/#primaryimage\"},\"thumbnailUrl\":\"https:\/\/ornas.fi\/wp-content\/uploads\/2021\/01\/Nayttelyvitriini_valkovahattu_tammi_pellavatausta_wp.jpg\",\"datePublished\":\"2021-08-03T13:47:27+00:00\",\"dateModified\":\"2024-03-27T11:26:42+00:00\",\"breadcrumb\":{\"@id\":\"https:\/\/ornas.fi\/en\/product\/nayttely\/#breadcrumb\"},\"inLanguage\":\"en-US\",\"potentialAction\":[{\"@type\":\"ReadAction\",\"target\":[\"https:\/\/ornas.fi\/en\/product\/nayttely\/\"]}]},{\"@type\":\"ImageObject\",\"inLanguage\":\"en-US\",\"@id\":\"https:\/\/ornas.fi\/en\/product\/nayttely\/#primaryimage\",\"url\":\"https:\/\/ornas.fi\/wp-content\/uploads\/2021\/01\/Nayttelyvitriini_valkovahattu_tammi_pellavatausta_wp.jpg\",\"contentUrl\":\"https:\/\/ornas.fi\/wp-content\/uploads\/2021\/01\/Nayttelyvitriini_valkovahattu_tammi_pellavatausta_wp.jpg\",\"width\":737,\"height\":1037},{\"@type\":\"BreadcrumbList\",\"@id\":\"https:\/\/ornas.fi\/en\/product\/nayttely\/#breadcrumb\",\"itemListElement\":[{\"@type\":\"ListItem\",\"position\":1,\"name\":\"Front Page\",\"item\":\"https:\/\/ornas.fi\/en\/\"},{\"@type\":\"ListItem\",\"position\":2,\"name\":\"Shop\",\"item\":\"https:\/\/ornas.fi\/en\/shop\/\"},{\"@type\":\"ListItem\",\"position\":3,\"name\":\"N\u00e4yttely\"}]},{\"@type\":\"WebSite\",\"@id\":\"https:\/\/ornas.fi\/en\/#website\",\"url\":\"https:\/\/ornas.fi\/en\/\",\"name\":\"Orn\u00e4s Design and Craftsmanship\",\"description\":\"Est. 1945\",\"potentialAction\":[{\"@type\":\"SearchAction\",\"target\":{\"@type\":\"EntryPoint\",\"urlTemplate\":\"https:\/\/ornas.fi\/en\/?s={search_term_string}\"},\"query-input\":{\"@type\":\"PropertyValueSpecification\",\"valueRequired\":true,\"valueName\":\"search_term_string\"}}],\"inLanguage\":\"en-US\"}]}<\/script>\n<!-- \/ Yoast SEO plugin. -->","yoast_head_json":{"title":"N\u00e4yttely - Orn\u00e4s Design and Craftsmanship","robots":{"index":"index","follow":"follow","max-snippet":"max-snippet:-1","max-image-preview":"max-image-preview:large","max-video-preview":"max-video-preview:-1"},"canonical":"https:\/\/ornas.fi\/en\/product\/nayttely\/","og_locale":"en_US","og_type":"article","og_title":"N\u00e4yttely - Orn\u00e4s Design and Craftsmanship","og_description":"Orn\u00e4s Heritage Collection Design Carl-Gustaf Hiort af Orn\u00e4s 1955","og_url":"https:\/\/ornas.fi\/en\/product\/nayttely\/","og_site_name":"Orn\u00e4s Design and Craftsmanship","article_modified_time":"2024-03-27T11:26:42+00:00","og_image":[{"width":737,"height":1037,"url":"https:\/\/ornas.fi\/wp-content\/uploads\/2021\/01\/Nayttelyvitriini_valkovahattu_tammi_pellavatausta_wp.jpg","type":"image\/jpeg"}],"twitter_card":"summary_large_image","twitter_misc":{"Est. reading time":"2 minutes"},"schema":{"@context":"https:\/\/schema.org","@graph":[{"@type":"WebPage","@id":"https:\/\/ornas.fi\/en\/product\/nayttely\/","url":"https:\/\/ornas.fi\/en\/product\/nayttely\/","name":"N\u00e4yttely - Orn\u00e4s Design and Craftsmanship","isPartOf":{"@id":"https:\/\/ornas.fi\/en\/#website"},"primaryImageOfPage":{"@id":"https:\/\/ornas.fi\/en\/product\/nayttely\/#primaryimage"},"image":{"@id":"https:\/\/ornas.fi\/en\/product\/nayttely\/#primaryimage"},"thumbnailUrl":"https:\/\/ornas.fi\/wp-content\/uploads\/2021\/01\/Nayttelyvitriini_valkovahattu_tammi_pellavatausta_wp.jpg","datePublished":"2021-08-03T13:47:27+00:00","dateModified":"2024-03-27T11:26:42+00:00","breadcrumb":{"@id":"https:\/\/ornas.fi\/en\/product\/nayttely\/#breadcrumb"},"inLanguage":"en-US","potentialAction":[{"@type":"ReadAction","target":["https:\/\/ornas.fi\/en\/product\/nayttely\/"]}]},{"@type":"ImageObject","inLanguage":"en-US","@id":"https:\/\/ornas.fi\/en\/product\/nayttely\/#primaryimage","url":"https:\/\/ornas.fi\/wp-content\/uploads\/2021\/01\/Nayttelyvitriini_valkovahattu_tammi_pellavatausta_wp.jpg","contentUrl":"https:\/\/ornas.fi\/wp-content\/uploads\/2021\/01\/Nayttelyvitriini_valkovahattu_tammi_pellavatausta_wp.jpg","width":737,"height":1037},{"@type":"BreadcrumbList","@id":"https:\/\/ornas.fi\/en\/product\/nayttely\/#breadcrumb","itemListElement":[{"@type":"ListItem","position":1,"name":"Front Page","item":"https:\/\/ornas.fi\/en\/"},{"@type":"ListItem","position":2,"name":"Shop","item":"https:\/\/ornas.fi\/en\/shop\/"},{"@type":"ListItem","position":3,"name":"N\u00e4yttely"}]},{"@type":"WebSite","@id":"https:\/\/ornas.fi\/en\/#website","url":"https:\/\/ornas.fi\/en\/","name":"Orn\u00e4s Design and Craftsmanship","description":"Est. 1945","potentialAction":[{"@type":"SearchAction","target":{"@type":"EntryPoint","urlTemplate":"https:\/\/ornas.fi\/en\/?s={search_term_string}"},"query-input":{"@type":"PropertyValueSpecification","valueRequired":true,"valueName":"search_term_string"}}],"inLanguage":"en-US"}]}},"_links":{"self":[{"href":"https:\/\/ornas.fi\/en\/wp-json\/wp\/v2\/product\/1299"}],"collection":[{"href":"https:\/\/ornas.fi\/en\/wp-json\/wp\/v2\/product"}],"about":[{"href":"https:\/\/ornas.fi\/en\/wp-json\/wp\/v2\/types\/product"}],"wp:featuredmedia":[{"embeddable":true,"href":"https:\/\/ornas.fi\/en\/wp-json\/wp\/v2\/media\/706"}],"wp:attachment":[{"href":"https:\/\/ornas.fi\/en\/wp-json\/wp\/v2\/media?parent=1299"}],"wp:term":[{"taxonomy":"tuoteryhma","embeddable":true,"href":"https:\/\/ornas.fi\/en\/wp-json\/wp\/v2\/tuoteryhma?post=1299"},{"taxonomy":"product_cat","embeddable":true,"href":"https:\/\/ornas.fi\/en\/wp-json\/wp\/v2\/product_cat?post=1299"},{"taxonomy":"product_tag","embeddable":true,"href":"https:\/\/ornas.fi\/en\/wp-json\/wp\/v2\/product_tag?post=1299"}],"curies":[{"name":"wp","href":"https:\/\/api.w.org\/{rel}","templated":true}]}}