{"id":1268,"date":"2021-09-20T18:57:58","date_gmt":"2021-09-20T18:57:58","guid":{"rendered":"https:\/\/dgtl.fi\/ornas\/tuote\/siesta-lepotuoli\/"},"modified":"2026-03-23T12:31:43","modified_gmt":"2026-03-23T12:31:43","slug":"siesta-lepotuoli","status":"publish","type":"product","link":"https:\/\/ornas.fi\/en\/product\/siesta-lepotuoli\/","title":{"rendered":"Siesta"},"content":{"rendered":"<p>Siesta is a classic lounge chair with an inimitable form that continues to allure from one decade to the next. Siesta was born from Hiort af Orn\u00e4s\u2019 pursuit for a flawless chair that would suit any interior and resemble a comfortable lap to rest in. The organic form and carefully considered functionality strike the perfect balance.<\/p>\n<p>Hiort af Orn\u00e4s painstakingly perfected the Siesta chair for years before it reached its final form in 1952. He created numerous wax-moulded and plaster cast models and a series of prototypes that he kept refining in his quest for perfection.<\/p>\n<p>The curves of the backrest and angle of the seat are designed to offer ideal support while sitting, while the delicate design charms with its harmonious beauty.<\/p>\n<p>The manufacturing process was a continuous source of inspiration for Hiort af Orn\u00e4s, who developed several innovative methods during his lifetime. The organic shape of the Siesta lounge chair required a pioneering technique: the designer was the first in the world to create a plywood press that was able to bend plywood in three directions at the same time.<\/p>\n<p>Available with walnut, birch or oak legs and several upholstery options.<\/p>\n<p><a href=\"https:\/\/www.dropbox.com\/sh\/6pfc0folm4ijb1e\/AAAEUVTe8hT3hbF8K3sfNx4Na?dl=0\">Siesta 3D photos<\/a><\/p>\n","protected":false},"excerpt":{"rendered":"<div class=\"product-short-description\">Orn\u00e4s Heritage Collection\r\nDesign Carl-Gustaf Hiort af Orn\u00e4s\r\n1952<\/div>\r\n<div class=\"product-description\">\r\n<div class=\"product-desc full-desc\"><\/div>\r\n<\/div>","protected":false},"featured_media":497,"template":"","meta":{"_acf_changed":false,"inline_featured_image":false},"tuoteryhma":[],"product_cat":[76,66],"product_tag":[81,80,79],"class_list":{"0":"post-1268","1":"product","2":"type-product","3":"status-publish","4":"has-post-thumbnail","6":"product_cat-lounge-chairs","7":"product_cat-yleinen-en","8":"product_tag-arm-chair","9":"product_tag-lounge-chair","10":"product_tag-siesta-en","12":"first","13":"instock","14":"taxable","15":"shipping-taxable","16":"purchasable","17":"product-type-variable"},"acf":[],"yoast_head":"<!-- This site is optimized with the Yoast SEO plugin v25.6 - https:\/\/yoast.com\/wordpress\/plugins\/seo\/ -->\n<title>Siesta - Orn\u00e4s Design and Craftsmanship<\/title>\n<meta name=\"robots\" content=\"index, follow, max-snippet:-1, max-image-preview:large, max-video-preview:-1\" \/>\n<link rel=\"canonical\" href=\"https:\/\/ornas.fi\/en\/product\/siesta-lepotuoli\/\" \/>\n<meta property=\"og:locale\" content=\"en_US\" \/>\n<meta property=\"og:type\" content=\"article\" \/>\n<meta property=\"og:title\" content=\"Siesta - Orn\u00e4s Design and Craftsmanship\" \/>\n<meta property=\"og:description\" content=\"Orn\u00e4s Heritage Collection Design Carl-Gustaf Hiort af Orn\u00e4s 1952\" \/>\n<meta property=\"og:url\" content=\"https:\/\/ornas.fi\/en\/product\/siesta-lepotuoli\/\" \/>\n<meta property=\"og:site_name\" content=\"Orn\u00e4s Design and Craftsmanship\" \/>\n<meta property=\"article:modified_time\" content=\"2026-03-23T12:31:43+00:00\" \/>\n<meta property=\"og:image\" content=\"https:\/\/ornas.fi\/wp-content\/uploads\/2021\/02\/Ornas_Siesta_001_high-scaled.jpg\" \/>\n\t<meta property=\"og:image:width\" content=\"1810\" \/>\n\t<meta property=\"og:image:height\" content=\"2560\" \/>\n\t<meta property=\"og:image:type\" content=\"image\/jpeg\" \/>\n<meta name=\"twitter:card\" content=\"summary_large_image\" \/>\n<meta name=\"twitter:label1\" content=\"Est. reading time\" \/>\n\t<meta name=\"twitter:data1\" content=\"2 minutes\" \/>\n<script type=\"application\/ld+json\" class=\"yoast-schema-graph\">{\"@context\":\"https:\/\/schema.org\",\"@graph\":[{\"@type\":\"WebPage\",\"@id\":\"https:\/\/ornas.fi\/en\/product\/siesta-lepotuoli\/\",\"url\":\"https:\/\/ornas.fi\/en\/product\/siesta-lepotuoli\/\",\"name\":\"Siesta - Orn\u00e4s Design and Craftsmanship\",\"isPartOf\":{\"@id\":\"https:\/\/ornas.fi\/en\/#website\"},\"primaryImageOfPage\":{\"@id\":\"https:\/\/ornas.fi\/en\/product\/siesta-lepotuoli\/#primaryimage\"},\"image\":{\"@id\":\"https:\/\/ornas.fi\/en\/product\/siesta-lepotuoli\/#primaryimage\"},\"thumbnailUrl\":\"https:\/\/ornas.fi\/wp-content\/uploads\/2021\/02\/Ornas_Siesta_001_high-scaled.jpg\",\"datePublished\":\"2021-09-20T18:57:58+00:00\",\"dateModified\":\"2026-03-23T12:31:43+00:00\",\"breadcrumb\":{\"@id\":\"https:\/\/ornas.fi\/en\/product\/siesta-lepotuoli\/#breadcrumb\"},\"inLanguage\":\"en-US\",\"potentialAction\":[{\"@type\":\"ReadAction\",\"target\":[\"https:\/\/ornas.fi\/en\/product\/siesta-lepotuoli\/\"]}]},{\"@type\":\"ImageObject\",\"inLanguage\":\"en-US\",\"@id\":\"https:\/\/ornas.fi\/en\/product\/siesta-lepotuoli\/#primaryimage\",\"url\":\"https:\/\/ornas.fi\/wp-content\/uploads\/2021\/02\/Ornas_Siesta_001_high-scaled.jpg\",\"contentUrl\":\"https:\/\/ornas.fi\/wp-content\/uploads\/2021\/02\/Ornas_Siesta_001_high-scaled.jpg\",\"width\":1810,\"height\":2560},{\"@type\":\"BreadcrumbList\",\"@id\":\"https:\/\/ornas.fi\/en\/product\/siesta-lepotuoli\/#breadcrumb\",\"itemListElement\":[{\"@type\":\"ListItem\",\"position\":1,\"name\":\"Front Page\",\"item\":\"https:\/\/ornas.fi\/en\/\"},{\"@type\":\"ListItem\",\"position\":2,\"name\":\"Shop\",\"item\":\"https:\/\/ornas.fi\/en\/shop\/\"},{\"@type\":\"ListItem\",\"position\":3,\"name\":\"Siesta\"}]},{\"@type\":\"WebSite\",\"@id\":\"https:\/\/ornas.fi\/en\/#website\",\"url\":\"https:\/\/ornas.fi\/en\/\",\"name\":\"Orn\u00e4s Design and Craftsmanship\",\"description\":\"Est. 1945\",\"potentialAction\":[{\"@type\":\"SearchAction\",\"target\":{\"@type\":\"EntryPoint\",\"urlTemplate\":\"https:\/\/ornas.fi\/en\/?s={search_term_string}\"},\"query-input\":{\"@type\":\"PropertyValueSpecification\",\"valueRequired\":true,\"valueName\":\"search_term_string\"}}],\"inLanguage\":\"en-US\"}]}<\/script>\n<!-- \/ Yoast SEO plugin. -->","yoast_head_json":{"title":"Siesta - Orn\u00e4s Design and Craftsmanship","robots":{"index":"index","follow":"follow","max-snippet":"max-snippet:-1","max-image-preview":"max-image-preview:large","max-video-preview":"max-video-preview:-1"},"canonical":"https:\/\/ornas.fi\/en\/product\/siesta-lepotuoli\/","og_locale":"en_US","og_type":"article","og_title":"Siesta - Orn\u00e4s Design and Craftsmanship","og_description":"Orn\u00e4s Heritage Collection Design Carl-Gustaf Hiort af Orn\u00e4s 1952","og_url":"https:\/\/ornas.fi\/en\/product\/siesta-lepotuoli\/","og_site_name":"Orn\u00e4s Design and Craftsmanship","article_modified_time":"2026-03-23T12:31:43+00:00","og_image":[{"width":1810,"height":2560,"url":"https:\/\/ornas.fi\/wp-content\/uploads\/2021\/02\/Ornas_Siesta_001_high-scaled.jpg","type":"image\/jpeg"}],"twitter_card":"summary_large_image","twitter_misc":{"Est. reading time":"2 minutes"},"schema":{"@context":"https:\/\/schema.org","@graph":[{"@type":"WebPage","@id":"https:\/\/ornas.fi\/en\/product\/siesta-lepotuoli\/","url":"https:\/\/ornas.fi\/en\/product\/siesta-lepotuoli\/","name":"Siesta - Orn\u00e4s Design and Craftsmanship","isPartOf":{"@id":"https:\/\/ornas.fi\/en\/#website"},"primaryImageOfPage":{"@id":"https:\/\/ornas.fi\/en\/product\/siesta-lepotuoli\/#primaryimage"},"image":{"@id":"https:\/\/ornas.fi\/en\/product\/siesta-lepotuoli\/#primaryimage"},"thumbnailUrl":"https:\/\/ornas.fi\/wp-content\/uploads\/2021\/02\/Ornas_Siesta_001_high-scaled.jpg","datePublished":"2021-09-20T18:57:58+00:00","dateModified":"2026-03-23T12:31:43+00:00","breadcrumb":{"@id":"https:\/\/ornas.fi\/en\/product\/siesta-lepotuoli\/#breadcrumb"},"inLanguage":"en-US","potentialAction":[{"@type":"ReadAction","target":["https:\/\/ornas.fi\/en\/product\/siesta-lepotuoli\/"]}]},{"@type":"ImageObject","inLanguage":"en-US","@id":"https:\/\/ornas.fi\/en\/product\/siesta-lepotuoli\/#primaryimage","url":"https:\/\/ornas.fi\/wp-content\/uploads\/2021\/02\/Ornas_Siesta_001_high-scaled.jpg","contentUrl":"https:\/\/ornas.fi\/wp-content\/uploads\/2021\/02\/Ornas_Siesta_001_high-scaled.jpg","width":1810,"height":2560},{"@type":"BreadcrumbList","@id":"https:\/\/ornas.fi\/en\/product\/siesta-lepotuoli\/#breadcrumb","itemListElement":[{"@type":"ListItem","position":1,"name":"Front Page","item":"https:\/\/ornas.fi\/en\/"},{"@type":"ListItem","position":2,"name":"Shop","item":"https:\/\/ornas.fi\/en\/shop\/"},{"@type":"ListItem","position":3,"name":"Siesta"}]},{"@type":"WebSite","@id":"https:\/\/ornas.fi\/en\/#website","url":"https:\/\/ornas.fi\/en\/","name":"Orn\u00e4s Design and Craftsmanship","description":"Est. 1945","potentialAction":[{"@type":"SearchAction","target":{"@type":"EntryPoint","urlTemplate":"https:\/\/ornas.fi\/en\/?s={search_term_string}"},"query-input":{"@type":"PropertyValueSpecification","valueRequired":true,"valueName":"search_term_string"}}],"inLanguage":"en-US"}]}},"_links":{"self":[{"href":"https:\/\/ornas.fi\/en\/wp-json\/wp\/v2\/product\/1268"}],"collection":[{"href":"https:\/\/ornas.fi\/en\/wp-json\/wp\/v2\/product"}],"about":[{"href":"https:\/\/ornas.fi\/en\/wp-json\/wp\/v2\/types\/product"}],"wp:featuredmedia":[{"embeddable":true,"href":"https:\/\/ornas.fi\/en\/wp-json\/wp\/v2\/media\/497"}],"wp:attachment":[{"href":"https:\/\/ornas.fi\/en\/wp-json\/wp\/v2\/media?parent=1268"}],"wp:term":[{"taxonomy":"tuoteryhma","embeddable":true,"href":"https:\/\/ornas.fi\/en\/wp-json\/wp\/v2\/tuoteryhma?post=1268"},{"taxonomy":"product_cat","embeddable":true,"href":"https:\/\/ornas.fi\/en\/wp-json\/wp\/v2\/product_cat?post=1268"},{"taxonomy":"product_tag","embeddable":true,"href":"https:\/\/ornas.fi\/en\/wp-json\/wp\/v2\/product_tag?post=1268"}],"curies":[{"name":"wp","href":"https:\/\/api.w.org\/{rel}","templated":true}]}}