{"id":1233,"date":"2021-09-21T08:28:22","date_gmt":"2021-09-21T08:28:22","guid":{"rendered":"https:\/\/dgtl.fi\/ornas\/tuote\/caravelle-taso\/"},"modified":"2024-03-27T12:27:12","modified_gmt":"2024-03-27T12:27:12","slug":"caravelle-console-table-2","status":"publish","type":"product","link":"https:\/\/ornas.fi\/en\/product\/caravelle-console-table-2\/","title":{"rendered":"Caravelle"},"content":{"rendered":"<p>The streamlined, minimalist forms of the Caravelle console table shine the spotlight on materials and intricate carpentry. With its solid wood frame, the console table is suitable for diverse uses from a stylish TV stand to a coffee table, side table or bench.<\/p>\n<p>The elegant console table forms a stunning group with other pieces in the Caravelle range. Hiort af Orn\u00e4s designed the first pieces in the 1950s, adding new products to the range in the following decade. In addition to the console table, the product family includes an upholstered bench, coffee tables in different sizes and two footstools.<\/p>\n<p>The Caravelle console table is available in walnut as well as oak and pale Scandinavian birch.<\/p>\n<p><a href=\"https:\/\/www.dropbox.com\/sh\/eyud44utf49a86a\/AACd5M3Ih7eWG4a9zrk6IePga?dl=0\" target=\"_blank\" rel=\"noopener\">3D photos <\/a><\/p>\n","protected":false},"excerpt":{"rendered":"Orn\u00e4s Heritage Collection\r\nDesign Carl-Gustaf Hiort af Orn\u00e4s\r\n1950s","protected":false},"featured_media":676,"template":"","meta":{"_acf_changed":false,"inline_featured_image":false},"tuoteryhma":[45],"product_cat":[75,66],"product_tag":[77,82,78],"class_list":{"0":"post-1233","1":"product","2":"type-product","3":"status-publish","4":"has-post-thumbnail","6":"tuoteryhma-caravelle","7":"product_cat-tables","8":"product_cat-yleinen-en","9":"product_tag-caravelle-en","10":"product_tag-console-table","11":"product_tag-ornas-en","13":"first","14":"instock","15":"taxable","16":"shipping-taxable","17":"purchasable","18":"product-type-simple"},"acf":[],"yoast_head":"<!-- This site is optimized with the Yoast SEO plugin v25.6 - https:\/\/yoast.com\/wordpress\/plugins\/seo\/ -->\n<title>Caravelle - Orn\u00e4s Design and Craftsmanship<\/title>\n<meta name=\"robots\" content=\"index, follow, max-snippet:-1, max-image-preview:large, max-video-preview:-1\" \/>\n<link rel=\"canonical\" href=\"https:\/\/ornas.fi\/en\/product\/caravelle-console-table-2\/\" \/>\n<meta property=\"og:locale\" content=\"en_US\" \/>\n<meta property=\"og:type\" content=\"article\" \/>\n<meta property=\"og:title\" content=\"Caravelle - Orn\u00e4s Design and Craftsmanship\" \/>\n<meta property=\"og:description\" content=\"Orn\u00e4s Heritage Collection Design Carl-Gustaf Hiort af Orn\u00e4s 1950s\" \/>\n<meta property=\"og:url\" content=\"https:\/\/ornas.fi\/en\/product\/caravelle-console-table-2\/\" \/>\n<meta property=\"og:site_name\" content=\"Orn\u00e4s Design and Craftsmanship\" \/>\n<meta property=\"article:modified_time\" content=\"2024-03-27T12:27:12+00:00\" \/>\n<meta property=\"og:image\" content=\"https:\/\/ornas.fi\/wp-content\/uploads\/2021\/02\/Ornas_Caravelle_Taso_001.jpg\" \/>\n\t<meta property=\"og:image:width\" content=\"1024\" \/>\n\t<meta property=\"og:image:height\" content=\"1440\" \/>\n\t<meta property=\"og:image:type\" content=\"image\/jpeg\" \/>\n<meta name=\"twitter:card\" content=\"summary_large_image\" \/>\n<meta name=\"twitter:label1\" content=\"Est. reading time\" \/>\n\t<meta name=\"twitter:data1\" content=\"1 minute\" \/>\n<script type=\"application\/ld+json\" class=\"yoast-schema-graph\">{\"@context\":\"https:\/\/schema.org\",\"@graph\":[{\"@type\":\"WebPage\",\"@id\":\"https:\/\/ornas.fi\/en\/product\/caravelle-console-table-2\/\",\"url\":\"https:\/\/ornas.fi\/en\/product\/caravelle-console-table-2\/\",\"name\":\"Caravelle - Orn\u00e4s Design and Craftsmanship\",\"isPartOf\":{\"@id\":\"https:\/\/ornas.fi\/en\/#website\"},\"primaryImageOfPage\":{\"@id\":\"https:\/\/ornas.fi\/en\/product\/caravelle-console-table-2\/#primaryimage\"},\"image\":{\"@id\":\"https:\/\/ornas.fi\/en\/product\/caravelle-console-table-2\/#primaryimage\"},\"thumbnailUrl\":\"https:\/\/ornas.fi\/wp-content\/uploads\/2021\/02\/Ornas_Caravelle_Taso_001.jpg\",\"datePublished\":\"2021-09-21T08:28:22+00:00\",\"dateModified\":\"2024-03-27T12:27:12+00:00\",\"breadcrumb\":{\"@id\":\"https:\/\/ornas.fi\/en\/product\/caravelle-console-table-2\/#breadcrumb\"},\"inLanguage\":\"en-US\",\"potentialAction\":[{\"@type\":\"ReadAction\",\"target\":[\"https:\/\/ornas.fi\/en\/product\/caravelle-console-table-2\/\"]}]},{\"@type\":\"ImageObject\",\"inLanguage\":\"en-US\",\"@id\":\"https:\/\/ornas.fi\/en\/product\/caravelle-console-table-2\/#primaryimage\",\"url\":\"https:\/\/ornas.fi\/wp-content\/uploads\/2021\/02\/Ornas_Caravelle_Taso_001.jpg\",\"contentUrl\":\"https:\/\/ornas.fi\/wp-content\/uploads\/2021\/02\/Ornas_Caravelle_Taso_001.jpg\",\"width\":1024,\"height\":1440},{\"@type\":\"BreadcrumbList\",\"@id\":\"https:\/\/ornas.fi\/en\/product\/caravelle-console-table-2\/#breadcrumb\",\"itemListElement\":[{\"@type\":\"ListItem\",\"position\":1,\"name\":\"Front Page\",\"item\":\"https:\/\/ornas.fi\/en\/\"},{\"@type\":\"ListItem\",\"position\":2,\"name\":\"Shop\",\"item\":\"https:\/\/ornas.fi\/en\/shop\/\"},{\"@type\":\"ListItem\",\"position\":3,\"name\":\"Caravelle\"}]},{\"@type\":\"WebSite\",\"@id\":\"https:\/\/ornas.fi\/en\/#website\",\"url\":\"https:\/\/ornas.fi\/en\/\",\"name\":\"Orn\u00e4s Design and Craftsmanship\",\"description\":\"Est. 1945\",\"potentialAction\":[{\"@type\":\"SearchAction\",\"target\":{\"@type\":\"EntryPoint\",\"urlTemplate\":\"https:\/\/ornas.fi\/en\/?s={search_term_string}\"},\"query-input\":{\"@type\":\"PropertyValueSpecification\",\"valueRequired\":true,\"valueName\":\"search_term_string\"}}],\"inLanguage\":\"en-US\"}]}<\/script>\n<!-- \/ Yoast SEO plugin. -->","yoast_head_json":{"title":"Caravelle - Orn\u00e4s Design and Craftsmanship","robots":{"index":"index","follow":"follow","max-snippet":"max-snippet:-1","max-image-preview":"max-image-preview:large","max-video-preview":"max-video-preview:-1"},"canonical":"https:\/\/ornas.fi\/en\/product\/caravelle-console-table-2\/","og_locale":"en_US","og_type":"article","og_title":"Caravelle - Orn\u00e4s Design and Craftsmanship","og_description":"Orn\u00e4s Heritage Collection Design Carl-Gustaf Hiort af Orn\u00e4s 1950s","og_url":"https:\/\/ornas.fi\/en\/product\/caravelle-console-table-2\/","og_site_name":"Orn\u00e4s Design and Craftsmanship","article_modified_time":"2024-03-27T12:27:12+00:00","og_image":[{"width":1024,"height":1440,"url":"https:\/\/ornas.fi\/wp-content\/uploads\/2021\/02\/Ornas_Caravelle_Taso_001.jpg","type":"image\/jpeg"}],"twitter_card":"summary_large_image","twitter_misc":{"Est. reading time":"1 minute"},"schema":{"@context":"https:\/\/schema.org","@graph":[{"@type":"WebPage","@id":"https:\/\/ornas.fi\/en\/product\/caravelle-console-table-2\/","url":"https:\/\/ornas.fi\/en\/product\/caravelle-console-table-2\/","name":"Caravelle - Orn\u00e4s Design and Craftsmanship","isPartOf":{"@id":"https:\/\/ornas.fi\/en\/#website"},"primaryImageOfPage":{"@id":"https:\/\/ornas.fi\/en\/product\/caravelle-console-table-2\/#primaryimage"},"image":{"@id":"https:\/\/ornas.fi\/en\/product\/caravelle-console-table-2\/#primaryimage"},"thumbnailUrl":"https:\/\/ornas.fi\/wp-content\/uploads\/2021\/02\/Ornas_Caravelle_Taso_001.jpg","datePublished":"2021-09-21T08:28:22+00:00","dateModified":"2024-03-27T12:27:12+00:00","breadcrumb":{"@id":"https:\/\/ornas.fi\/en\/product\/caravelle-console-table-2\/#breadcrumb"},"inLanguage":"en-US","potentialAction":[{"@type":"ReadAction","target":["https:\/\/ornas.fi\/en\/product\/caravelle-console-table-2\/"]}]},{"@type":"ImageObject","inLanguage":"en-US","@id":"https:\/\/ornas.fi\/en\/product\/caravelle-console-table-2\/#primaryimage","url":"https:\/\/ornas.fi\/wp-content\/uploads\/2021\/02\/Ornas_Caravelle_Taso_001.jpg","contentUrl":"https:\/\/ornas.fi\/wp-content\/uploads\/2021\/02\/Ornas_Caravelle_Taso_001.jpg","width":1024,"height":1440},{"@type":"BreadcrumbList","@id":"https:\/\/ornas.fi\/en\/product\/caravelle-console-table-2\/#breadcrumb","itemListElement":[{"@type":"ListItem","position":1,"name":"Front Page","item":"https:\/\/ornas.fi\/en\/"},{"@type":"ListItem","position":2,"name":"Shop","item":"https:\/\/ornas.fi\/en\/shop\/"},{"@type":"ListItem","position":3,"name":"Caravelle"}]},{"@type":"WebSite","@id":"https:\/\/ornas.fi\/en\/#website","url":"https:\/\/ornas.fi\/en\/","name":"Orn\u00e4s Design and Craftsmanship","description":"Est. 1945","potentialAction":[{"@type":"SearchAction","target":{"@type":"EntryPoint","urlTemplate":"https:\/\/ornas.fi\/en\/?s={search_term_string}"},"query-input":{"@type":"PropertyValueSpecification","valueRequired":true,"valueName":"search_term_string"}}],"inLanguage":"en-US"}]}},"_links":{"self":[{"href":"https:\/\/ornas.fi\/en\/wp-json\/wp\/v2\/product\/1233"}],"collection":[{"href":"https:\/\/ornas.fi\/en\/wp-json\/wp\/v2\/product"}],"about":[{"href":"https:\/\/ornas.fi\/en\/wp-json\/wp\/v2\/types\/product"}],"wp:featuredmedia":[{"embeddable":true,"href":"https:\/\/ornas.fi\/en\/wp-json\/wp\/v2\/media\/676"}],"wp:attachment":[{"href":"https:\/\/ornas.fi\/en\/wp-json\/wp\/v2\/media?parent=1233"}],"wp:term":[{"taxonomy":"tuoteryhma","embeddable":true,"href":"https:\/\/ornas.fi\/en\/wp-json\/wp\/v2\/tuoteryhma?post=1233"},{"taxonomy":"product_cat","embeddable":true,"href":"https:\/\/ornas.fi\/en\/wp-json\/wp\/v2\/product_cat?post=1233"},{"taxonomy":"product_tag","embeddable":true,"href":"https:\/\/ornas.fi\/en\/wp-json\/wp\/v2\/product_tag?post=1233"}],"curies":[{"name":"wp","href":"https:\/\/api.w.org\/{rel}","templated":true}]}}