{"id":383,"date":"2021-02-05T20:31:29","date_gmt":"2021-02-05T20:31:29","guid":{"rendered":"https:\/\/digitallighthou.se\/ornas\/yhteystiedot\/"},"modified":"2025-02-04T08:36:30","modified_gmt":"2025-02-04T08:36:30","slug":"contact","status":"publish","type":"page","link":"https:\/\/ornas.fi\/en\/contact\/","title":{"rendered":"Contact"},"content":{"rendered":"<p>Orn\u00e4s Brand Store<br \/>\nPohjoisranta 2 E<br \/>\n00170 Helsinki<br \/>\npuh. 010 423 1006<br \/>\n<a href=\"http:\/\/83.143.220.118\/~ornasfi\">ornas.fi<\/a><\/p>\n<p>Orn\u00e4s<br \/>\nVerstas &amp; Myym\u00e4l\u00e4<br \/>\nVanha Messil\u00e4ntie 8<br \/>\n15860 Hollola<br \/>\n+358 10 423 1000<\/p>\n<p>PROJEKTIMYYNTI<br \/>\nProjektimyyntimme palvelee monipuolisesti erityylisiss\u00e4 projektisisustuksissa. Toimitamme Orn\u00e4s-huonekalut sisustusalan ammattilaisten kohteisiin my\u00f6s kansainv\u00e4lisesti.<br \/>\nOta yhteytt\u00e4 projektimyyntiimme:<br \/>\nJanne Yl\u00f6nen<br \/>\n<a href=\"mailto:janne.ylonen@ornas.fi\">janne.ylonen@ornas.fi<\/a><br \/>\n+358 500 635049<\/p>\n<p>MEDIALLE<br \/>\nHaastettelut ja kuvauslainat<br \/>\nSatu Yl\u00f6nen<br \/>\n<a href=\"mailto:satu.ylonen@ornas.fi\">satu.ylonen@ornas.fi<\/a><br \/>\nTiedotteemme ja pressikuvat l\u00f6ytyv\u00e4t lehdist\u00f6sivuiltamme t\u00e4\u00e4lt\u00e4 (linkki pressialueelle)<\/p>\n<p>J\u00c4LLEENMYYJ\u00c4T<\/p>\n<p>SUOMI<br \/>\nHelsinki<br \/>\nOrn\u00e4s Brand Store<br \/>\nPohjoisranta 2 E<br \/>\n00170 Helsinki<br \/>\ntel. 010 423 1006<br \/>\n<a href=\"http:\/\/83.143.220.118\/~ornasfi\">ornas.fi<\/a><br \/>\nFasetti Helsinki<br \/>\nPohjoisranta 2 E<br \/>\n00170 Helsinki<br \/>\n+358 10 423 1006<\/p>\n<p>Hollola<br \/>\nOrn\u00e4s<br \/>\nVerstas &amp; Myym\u00e4l\u00e4<br \/>\nVanha Messil\u00e4ntie 8<br \/>\n15860 Hollola<br \/>\n+358 10 423 1000<\/p>\n<p>Fasetti<br \/>\nVanha Messil\u00e4ntie 8<br \/>\n15860 Hollola<br \/>\n+358 10 423 1000<\/p>\n<p>VERKKOKAUPAT<\/p>\n<p>Fasetti.fi<br \/>\nFinnishdesignshop.fi<br \/>\n<a href=\"http:\/\/Scope.ne.jp\">Scope.ne.jp<\/a><\/p>\n<p>TANSKA<\/p>\n<p>Bueh\u00f8jg\u00e5rd M\u00f8bler<br \/>\nBredgade 28, 1260 Copenhagen<br \/>\nDenmark<br \/>\n<a href=\"http:\/\/buehojgaard.dk\">buehojgaard.dk<\/a><\/p>\n<p>LEVA Agency ApS<br \/>\nKalundborgvej 36, 1<br \/>\n4300 Holb\u00e6k<br \/>\nDenmark<br \/>\n<a href=\"http:\/\/levaagency.dk\">levaagency.dk<\/a><\/p>\n<p>USA<br \/>\nGestalt New York<br \/>\n614 Warren St, Hudson<br \/>\nNY 12534<br \/>\nUSA<\/p>\n<p>JAPANI<br \/>\n<a href=\"http:\/\/scope.ne.jp\">scope.ne.jp<\/a><\/p>\n","protected":false},"excerpt":{"rendered":"Orn\u00e4s Brand Store Pohjoisranta 2 E 00170 Helsinki puh. 010 423 1006 ornas.fi Orn\u00e4s Verstas &amp; Myym\u00e4l\u00e4 Vanha Messil\u00e4ntie 8 15860 Hollola +358 10 423 1000 PROJEKTIMYYNTI Projektimyyntimme palvelee monipuolisesti erityylisiss\u00e4 projektisisustuksissa. Toimitamme Orn\u00e4s-huonekalut sisustusalan ammattilaisten kohteisiin my\u00f6s kansainv\u00e4lisesti. Ota yhteytt\u00e4 projektimyyntiimme: Janne Yl\u00f6nen janne.ylonen@ornas.fi +358 500 635049 MEDIALLE Haastettelut ja kuvauslainat Satu Yl\u00f6nen satu.ylonen@ornas.fi&#8230;","protected":false},"author":1,"featured_media":0,"parent":0,"menu_order":0,"comment_status":"closed","ping_status":"closed","template":"page-base.php","meta":{"_acf_changed":false,"inline_featured_image":false,"footnotes":""},"class_list":["post-383","page","type-page","status-publish","hentry"],"acf":[],"yoast_head":"<!-- This site is optimized with the Yoast SEO plugin v25.6 - https:\/\/yoast.com\/wordpress\/plugins\/seo\/ -->\n<title>Contact - Orn\u00e4s Design and Craftsmanship<\/title>\n<meta name=\"robots\" content=\"index, follow, max-snippet:-1, max-image-preview:large, max-video-preview:-1\" \/>\n<link rel=\"canonical\" href=\"https:\/\/ornas.fi\/en\/contact\/\" \/>\n<meta property=\"og:locale\" content=\"en_US\" \/>\n<meta property=\"og:type\" content=\"article\" \/>\n<meta property=\"og:title\" content=\"Contact - Orn\u00e4s Design and Craftsmanship\" \/>\n<meta property=\"og:description\" content=\"Orn\u00e4s Brand Store Pohjoisranta 2 E 00170 Helsinki puh. 010 423 1006 ornas.fi Orn\u00e4s Verstas &amp; Myym\u00e4l\u00e4 Vanha Messil\u00e4ntie 8 15860 Hollola +358 10 423 1000 PROJEKTIMYYNTI Projektimyyntimme palvelee monipuolisesti erityylisiss\u00e4 projektisisustuksissa. Toimitamme Orn\u00e4s-huonekalut sisustusalan ammattilaisten kohteisiin my\u00f6s kansainv\u00e4lisesti. Ota yhteytt\u00e4 projektimyyntiimme: Janne Yl\u00f6nen janne.ylonen@ornas.fi +358 500 635049 MEDIALLE Haastettelut ja kuvauslainat Satu Yl\u00f6nen satu.ylonen@ornas.fi...\" \/>\n<meta property=\"og:url\" content=\"https:\/\/ornas.fi\/en\/contact\/\" \/>\n<meta property=\"og:site_name\" content=\"Orn\u00e4s Design and Craftsmanship\" \/>\n<meta property=\"article:modified_time\" content=\"2025-02-04T08:36:30+00:00\" \/>\n<meta name=\"twitter:card\" content=\"summary_large_image\" \/>\n<meta name=\"twitter:label1\" content=\"Est. reading time\" \/>\n\t<meta name=\"twitter:data1\" content=\"1 minute\" \/>\n<script type=\"application\/ld+json\" class=\"yoast-schema-graph\">{\"@context\":\"https:\/\/schema.org\",\"@graph\":[{\"@type\":\"WebPage\",\"@id\":\"https:\/\/ornas.fi\/en\/contact\/\",\"url\":\"https:\/\/ornas.fi\/en\/contact\/\",\"name\":\"Contact - Orn\u00e4s Design and Craftsmanship\",\"isPartOf\":{\"@id\":\"https:\/\/ornas.fi\/en\/#website\"},\"datePublished\":\"2021-02-05T20:31:29+00:00\",\"dateModified\":\"2025-02-04T08:36:30+00:00\",\"breadcrumb\":{\"@id\":\"https:\/\/ornas.fi\/en\/contact\/#breadcrumb\"},\"inLanguage\":\"en-US\",\"potentialAction\":[{\"@type\":\"ReadAction\",\"target\":[\"https:\/\/ornas.fi\/en\/contact\/\"]}]},{\"@type\":\"BreadcrumbList\",\"@id\":\"https:\/\/ornas.fi\/en\/contact\/#breadcrumb\",\"itemListElement\":[{\"@type\":\"ListItem\",\"position\":1,\"name\":\"Front Page\",\"item\":\"https:\/\/ornas.fi\/en\/\"},{\"@type\":\"ListItem\",\"position\":2,\"name\":\"Contact\"}]},{\"@type\":\"WebSite\",\"@id\":\"https:\/\/ornas.fi\/en\/#website\",\"url\":\"https:\/\/ornas.fi\/en\/\",\"name\":\"Orn\u00e4s Design and Craftsmanship\",\"description\":\"Est. 1945\",\"potentialAction\":[{\"@type\":\"SearchAction\",\"target\":{\"@type\":\"EntryPoint\",\"urlTemplate\":\"https:\/\/ornas.fi\/en\/?s={search_term_string}\"},\"query-input\":{\"@type\":\"PropertyValueSpecification\",\"valueRequired\":true,\"valueName\":\"search_term_string\"}}],\"inLanguage\":\"en-US\"}]}<\/script>\n<!-- \/ Yoast SEO plugin. -->","yoast_head_json":{"title":"Contact - Orn\u00e4s Design and Craftsmanship","robots":{"index":"index","follow":"follow","max-snippet":"max-snippet:-1","max-image-preview":"max-image-preview:large","max-video-preview":"max-video-preview:-1"},"canonical":"https:\/\/ornas.fi\/en\/contact\/","og_locale":"en_US","og_type":"article","og_title":"Contact - Orn\u00e4s Design and Craftsmanship","og_description":"Orn\u00e4s Brand Store Pohjoisranta 2 E 00170 Helsinki puh. 010 423 1006 ornas.fi Orn\u00e4s Verstas &amp; Myym\u00e4l\u00e4 Vanha Messil\u00e4ntie 8 15860 Hollola +358 10 423 1000 PROJEKTIMYYNTI Projektimyyntimme palvelee monipuolisesti erityylisiss\u00e4 projektisisustuksissa. Toimitamme Orn\u00e4s-huonekalut sisustusalan ammattilaisten kohteisiin my\u00f6s kansainv\u00e4lisesti. Ota yhteytt\u00e4 projektimyyntiimme: Janne Yl\u00f6nen janne.ylonen@ornas.fi +358 500 635049 MEDIALLE Haastettelut ja kuvauslainat Satu Yl\u00f6nen satu.ylonen@ornas.fi...","og_url":"https:\/\/ornas.fi\/en\/contact\/","og_site_name":"Orn\u00e4s Design and Craftsmanship","article_modified_time":"2025-02-04T08:36:30+00:00","twitter_card":"summary_large_image","twitter_misc":{"Est. reading time":"1 minute"},"schema":{"@context":"https:\/\/schema.org","@graph":[{"@type":"WebPage","@id":"https:\/\/ornas.fi\/en\/contact\/","url":"https:\/\/ornas.fi\/en\/contact\/","name":"Contact - Orn\u00e4s Design and Craftsmanship","isPartOf":{"@id":"https:\/\/ornas.fi\/en\/#website"},"datePublished":"2021-02-05T20:31:29+00:00","dateModified":"2025-02-04T08:36:30+00:00","breadcrumb":{"@id":"https:\/\/ornas.fi\/en\/contact\/#breadcrumb"},"inLanguage":"en-US","potentialAction":[{"@type":"ReadAction","target":["https:\/\/ornas.fi\/en\/contact\/"]}]},{"@type":"BreadcrumbList","@id":"https:\/\/ornas.fi\/en\/contact\/#breadcrumb","itemListElement":[{"@type":"ListItem","position":1,"name":"Front Page","item":"https:\/\/ornas.fi\/en\/"},{"@type":"ListItem","position":2,"name":"Contact"}]},{"@type":"WebSite","@id":"https:\/\/ornas.fi\/en\/#website","url":"https:\/\/ornas.fi\/en\/","name":"Orn\u00e4s Design and Craftsmanship","description":"Est. 1945","potentialAction":[{"@type":"SearchAction","target":{"@type":"EntryPoint","urlTemplate":"https:\/\/ornas.fi\/en\/?s={search_term_string}"},"query-input":{"@type":"PropertyValueSpecification","valueRequired":true,"valueName":"search_term_string"}}],"inLanguage":"en-US"}]}},"_links":{"self":[{"href":"https:\/\/ornas.fi\/en\/wp-json\/wp\/v2\/pages\/383"}],"collection":[{"href":"https:\/\/ornas.fi\/en\/wp-json\/wp\/v2\/pages"}],"about":[{"href":"https:\/\/ornas.fi\/en\/wp-json\/wp\/v2\/types\/page"}],"author":[{"embeddable":true,"href":"https:\/\/ornas.fi\/en\/wp-json\/wp\/v2\/users\/1"}],"replies":[{"embeddable":true,"href":"https:\/\/ornas.fi\/en\/wp-json\/wp\/v2\/comments?post=383"}],"version-history":[{"count":33,"href":"https:\/\/ornas.fi\/en\/wp-json\/wp\/v2\/pages\/383\/revisions"}],"predecessor-version":[{"id":3298,"href":"https:\/\/ornas.fi\/en\/wp-json\/wp\/v2\/pages\/383\/revisions\/3298"}],"wp:attachment":[{"href":"https:\/\/ornas.fi\/en\/wp-json\/wp\/v2\/media?parent=383"}],"curies":[{"name":"wp","href":"https:\/\/api.w.org\/{rel}","templated":true}]}}