{"id":321,"date":"2021-01-11T13:03:24","date_gmt":"2021-01-11T13:03:24","guid":{"rendered":"https:\/\/digitallighthou.se\/ornas\/tuotteet\/"},"modified":"2025-03-07T08:51:29","modified_gmt":"2025-03-07T08:51:29","slug":"products","status":"publish","type":"page","link":"https:\/\/ornas.fi\/en\/products\/","title":{"rendered":"Products"},"content":{"rendered":"<p>Mallistomme on syntynyt pysyvyyden ja muutoksen v\u00e4lisest\u00e4 vuoropuhelusta. Kokoelmamme ydin rakentuu Hiort af Orn\u00e4sin suunnittelemista huonekaluklassikoista, jotka ovat saaneet muotonsa vuosikymmeni\u00e4 sitten. Vaikka ammennamme historiasta, Orn\u00e4s-huonekalut el\u00e4v\u00e4t t\u00e4ss\u00e4 ajassa.<\/p>\n<p>Uskomme yksil\u00f6llisyyteen. Siksi jokaista Orn\u00e4s-tuotetta on saatavana useassa eri puulajissa lukuisin eri viimeistelyvaihtoehdoin.<\/p>\n","protected":false},"excerpt":{"rendered":"Mallistomme on syntynyt pysyvyyden ja muutoksen v\u00e4lisest\u00e4 vuoropuhelusta. Kokoelmamme ydin rakentuu Hiort af Orn\u00e4sin suunnittelemista huonekaluklassikoista, jotka ovat saaneet muotonsa vuosikymmeni\u00e4 sitten. Vaikka ammennamme historiasta, Orn\u00e4s-huonekalut el\u00e4v\u00e4t t\u00e4ss\u00e4 ajassa. Uskomme yksil\u00f6llisyyteen. Siksi jokaista Orn\u00e4s-tuotetta on saatavana useassa eri puulajissa lukuisin eri viimeistelyvaihtoehdoin.","protected":false},"author":1,"featured_media":0,"parent":0,"menu_order":0,"comment_status":"closed","ping_status":"closed","template":"page-products.php","meta":{"_acf_changed":false,"inline_featured_image":false,"footnotes":""},"class_list":["post-321","page","type-page","status-publish","hentry"],"acf":[],"yoast_head":"<!-- This site is optimized with the Yoast SEO plugin v25.6 - https:\/\/yoast.com\/wordpress\/plugins\/seo\/ -->\n<title>Products - Orn\u00e4s Design and Craftsmanship<\/title>\n<meta name=\"description\" content=\"T\u00e4st\u00e4 l\u00f6yd\u00e4t koko Orn\u00e4s tuotteiden valikoiman. Valitse oma, kotimainen designklassikkosi!\" \/>\n<meta name=\"robots\" content=\"index, follow, max-snippet:-1, max-image-preview:large, max-video-preview:-1\" \/>\n<link rel=\"canonical\" href=\"https:\/\/ornas.fi\/en\/products\/\" \/>\n<meta property=\"og:locale\" content=\"en_US\" \/>\n<meta property=\"og:type\" content=\"article\" \/>\n<meta property=\"og:title\" content=\"Products - Orn\u00e4s Design and Craftsmanship\" \/>\n<meta property=\"og:description\" content=\"T\u00e4st\u00e4 l\u00f6yd\u00e4t koko Orn\u00e4s tuotteiden valikoiman. Valitse oma, kotimainen designklassikkosi!\" \/>\n<meta property=\"og:url\" content=\"https:\/\/ornas.fi\/en\/products\/\" \/>\n<meta property=\"og:site_name\" content=\"Orn\u00e4s Design and Craftsmanship\" \/>\n<meta property=\"article:modified_time\" content=\"2025-03-07T08:51:29+00:00\" \/>\n<meta name=\"twitter:card\" content=\"summary_large_image\" \/>\n<meta name=\"twitter:label1\" content=\"Est. reading time\" \/>\n\t<meta name=\"twitter:data1\" content=\"1 minute\" \/>\n<script type=\"application\/ld+json\" class=\"yoast-schema-graph\">{\"@context\":\"https:\/\/schema.org\",\"@graph\":[{\"@type\":\"WebPage\",\"@id\":\"https:\/\/ornas.fi\/en\/products\/\",\"url\":\"https:\/\/ornas.fi\/en\/products\/\",\"name\":\"Products - Orn\u00e4s Design and Craftsmanship\",\"isPartOf\":{\"@id\":\"https:\/\/ornas.fi\/en\/#website\"},\"datePublished\":\"2021-01-11T13:03:24+00:00\",\"dateModified\":\"2025-03-07T08:51:29+00:00\",\"description\":\"T\u00e4st\u00e4 l\u00f6yd\u00e4t koko Orn\u00e4s tuotteiden valikoiman. Valitse oma, kotimainen designklassikkosi!\",\"breadcrumb\":{\"@id\":\"https:\/\/ornas.fi\/en\/products\/#breadcrumb\"},\"inLanguage\":\"en-US\",\"potentialAction\":[{\"@type\":\"ReadAction\",\"target\":[\"https:\/\/ornas.fi\/en\/products\/\"]}]},{\"@type\":\"BreadcrumbList\",\"@id\":\"https:\/\/ornas.fi\/en\/products\/#breadcrumb\",\"itemListElement\":[{\"@type\":\"ListItem\",\"position\":1,\"name\":\"Front Page\",\"item\":\"https:\/\/ornas.fi\/en\/\"},{\"@type\":\"ListItem\",\"position\":2,\"name\":\"Products\"}]},{\"@type\":\"WebSite\",\"@id\":\"https:\/\/ornas.fi\/en\/#website\",\"url\":\"https:\/\/ornas.fi\/en\/\",\"name\":\"Orn\u00e4s Design and Craftsmanship\",\"description\":\"Est. 1945\",\"potentialAction\":[{\"@type\":\"SearchAction\",\"target\":{\"@type\":\"EntryPoint\",\"urlTemplate\":\"https:\/\/ornas.fi\/en\/?s={search_term_string}\"},\"query-input\":{\"@type\":\"PropertyValueSpecification\",\"valueRequired\":true,\"valueName\":\"search_term_string\"}}],\"inLanguage\":\"en-US\"}]}<\/script>\n<!-- \/ Yoast SEO plugin. -->","yoast_head_json":{"title":"Products - Orn\u00e4s Design and Craftsmanship","description":"T\u00e4st\u00e4 l\u00f6yd\u00e4t koko Orn\u00e4s tuotteiden valikoiman. Valitse oma, kotimainen designklassikkosi!","robots":{"index":"index","follow":"follow","max-snippet":"max-snippet:-1","max-image-preview":"max-image-preview:large","max-video-preview":"max-video-preview:-1"},"canonical":"https:\/\/ornas.fi\/en\/products\/","og_locale":"en_US","og_type":"article","og_title":"Products - Orn\u00e4s Design and Craftsmanship","og_description":"T\u00e4st\u00e4 l\u00f6yd\u00e4t koko Orn\u00e4s tuotteiden valikoiman. Valitse oma, kotimainen designklassikkosi!","og_url":"https:\/\/ornas.fi\/en\/products\/","og_site_name":"Orn\u00e4s Design and Craftsmanship","article_modified_time":"2025-03-07T08:51:29+00:00","twitter_card":"summary_large_image","twitter_misc":{"Est. reading time":"1 minute"},"schema":{"@context":"https:\/\/schema.org","@graph":[{"@type":"WebPage","@id":"https:\/\/ornas.fi\/en\/products\/","url":"https:\/\/ornas.fi\/en\/products\/","name":"Products - Orn\u00e4s Design and Craftsmanship","isPartOf":{"@id":"https:\/\/ornas.fi\/en\/#website"},"datePublished":"2021-01-11T13:03:24+00:00","dateModified":"2025-03-07T08:51:29+00:00","description":"T\u00e4st\u00e4 l\u00f6yd\u00e4t koko Orn\u00e4s tuotteiden valikoiman. Valitse oma, kotimainen designklassikkosi!","breadcrumb":{"@id":"https:\/\/ornas.fi\/en\/products\/#breadcrumb"},"inLanguage":"en-US","potentialAction":[{"@type":"ReadAction","target":["https:\/\/ornas.fi\/en\/products\/"]}]},{"@type":"BreadcrumbList","@id":"https:\/\/ornas.fi\/en\/products\/#breadcrumb","itemListElement":[{"@type":"ListItem","position":1,"name":"Front Page","item":"https:\/\/ornas.fi\/en\/"},{"@type":"ListItem","position":2,"name":"Products"}]},{"@type":"WebSite","@id":"https:\/\/ornas.fi\/en\/#website","url":"https:\/\/ornas.fi\/en\/","name":"Orn\u00e4s Design and Craftsmanship","description":"Est. 1945","potentialAction":[{"@type":"SearchAction","target":{"@type":"EntryPoint","urlTemplate":"https:\/\/ornas.fi\/en\/?s={search_term_string}"},"query-input":{"@type":"PropertyValueSpecification","valueRequired":true,"valueName":"search_term_string"}}],"inLanguage":"en-US"}]}},"_links":{"self":[{"href":"https:\/\/ornas.fi\/en\/wp-json\/wp\/v2\/pages\/321"}],"collection":[{"href":"https:\/\/ornas.fi\/en\/wp-json\/wp\/v2\/pages"}],"about":[{"href":"https:\/\/ornas.fi\/en\/wp-json\/wp\/v2\/types\/page"}],"author":[{"embeddable":true,"href":"https:\/\/ornas.fi\/en\/wp-json\/wp\/v2\/users\/1"}],"replies":[{"embeddable":true,"href":"https:\/\/ornas.fi\/en\/wp-json\/wp\/v2\/comments?post=321"}],"version-history":[{"count":24,"href":"https:\/\/ornas.fi\/en\/wp-json\/wp\/v2\/pages\/321\/revisions"}],"predecessor-version":[{"id":3315,"href":"https:\/\/ornas.fi\/en\/wp-json\/wp\/v2\/pages\/321\/revisions\/3315"}],"wp:attachment":[{"href":"https:\/\/ornas.fi\/en\/wp-json\/wp\/v2\/media?parent=321"}],"curies":[{"name":"wp","href":"https:\/\/api.w.org\/{rel}","templated":true}]}}